{"id":12853,"date":"2021-08-17T18:19:05","date_gmt":"2021-08-17T16:19:05","guid":{"rendered":"https:\/\/www.alpine-locomotion.com\/our-touristic-tours\/"},"modified":"2021-08-18T11:36:17","modified_gmt":"2021-08-18T09:36:17","slug":"our-touristic-tours","status":"publish","type":"page","link":"https:\/\/www.travels-and-tours.com\/en\/our-touristic-tours\/","title":{"rendered":"Our touristic tours"},"content":{"rendered":"<div class=\"wpb-content-wrapper\"><p>[vc_row][vc_column width=&#8221;2\/3&#8243;][vc_column_text]<\/p>\n<h4 class=\"center-title\" style=\"text-align: center;\"><span style=\"color: #005da1;\">Discover the Chateaux of Bordeaux, Saint-Emilion, Medoc, Sauternes, or Pomerol with our Wine Tours. Our tours are tailor-made to exactly fit your wishes. We also propose day trips to the &#8220;Bassin d&#8217;Arcachon&#8221;, to taste our famous oysters. We can also guide you to discover the secrets of the distillation of the Cognac, or create your tour to Sarlat-la-Caneda.<\/span><\/h4>\n<p>[\/vc_column_text][\/vc_column][vc_column width=&#8221;1\/3&#8243;][vc_raw_html]JTNDc2NyaXB0JTIwZGVmZXIlMjBhc3luYyUyMHNyYyUzRCUyN2h0dHBzJTNBJTJGJTJGY2RuLnRydXN0aW5kZXguaW8lMkZsb2FkZXIuanMlM0ZlMDg5YTFkMzVjODcyOTQ1ZjI1YWM4Yjg5MyUyNyUzRSUzQyUyRnNjcmlwdCUzRQ==[\/vc_raw_html][\/vc_column][\/vc_row][vc_row content_placement=&#8221;middle&#8221;][vc_column width=&#8221;5\/6&#8243;][vc_column_text]Are you a wine lover or perhaps a true connoisseur, collecting rare bottles?<\/p>\n<p>Why don&#8217;t you ask us for a visit to the Bordeaux vineyard?<br \/>\nYou will discover the secrets of wine making. You will be able to understand why the chateau you love so much has such a particular taste and roundness. You will be in the middle of its vineyards, you will feel its terroir, the relationship between the ground, the composition of the soil and the grapes.<br \/>\nAnd after your visits and tastings, you will feel and understand so much more things and tastes in your glass of wine.<\/p>\n<p>Be ready to never drink and taste a glass of Bordeaux wine again as before, and as you did until your visit.<\/p>\n<p>Our wine tours are customizable, we can plan a visit in the ch\u00e2teau you wish, as far as this chateau is open to visits and has availabilities.[\/vc_column_text][vc_column_text]<\/p>\n<h4 style=\"text-align: right;\">Our touristic tours are proposed under our Trade Mark &#8220;<em>Bacchus Tours<\/em>&#8220;<\/h4>\n<p>[\/vc_column_text][\/vc_column][vc_column width=&#8221;1\/6&#8243;][vc_single_image image=&#8221;11&#8243; alignment=&#8221;center&#8221;][\/vc_column][\/vc_row][vc_row][vc_column][vc_raw_html]JTNDcHJvZHVjdC1jYXRhbG9nLXdpZGdldCUyMHN0eWxlcy10ZW1wbGF0ZS1pZCUzRCUyMnByb2R1Y3QtY2F0YWxvZy13aWRnZXQtc3R5bGVzJTIyJTIwY3VzdG9tZXItY29kZSUzRCUyMkFRNDAlMjIlMjBsb2NhbGUlM0QlMjJlbl9VUyUyMiUyMGNhdGVnb3J5LWZpbHRlciUzRCUyMjE5ODE5JTIyJTIwZGlzYWJsZS1mZWF0dXJlcyUzRCUyMmNhdGVnb3J5LWZpbHRlciUyMiUzRSUzQyUyRnByb2R1Y3QtY2F0YWxvZy13aWRnZXQlM0UlM0NzY3JpcHQlMjB0eXBlJTNEJTIydGV4dCUyRmphdmFzY3JpcHQlMjIlMjBzcmMlM0QlMjJodHRwcyUzQSUyRiUyRndpZGdldHMucmVnaW9uZG8ubmV0JTJGY2F0YWxvZyUyRnYxJTJGY2F0YWxvZy13aWRnZXQubWluLmpzJTIyJTNFJTNDJTJGc2NyaXB0JTNF[\/vc_raw_html][\/vc_column][\/vc_row][vc_row][vc_column][vc_empty_space][\/vc_column][\/vc_row][vc_row][vc_column][vc_column_text]Hereafter are some of the Chateaux of Bordeaux we are working with to organize our tours.<\/p>\n<h4>In M\u00e9doc and Sauterne:<\/h4>\n<p>Ch\u00e2teau Margaux, Ch\u00e2teau L\u00e9oville Poyferr\u00e9, Ch\u00e2teau Mouton Rothschild, Ch\u00e2teau Gruaud Larose, Ch\u00e2teau Lascombes, Ch\u00e2teau Pichon Longueville, Ch\u00e2teau Prieur\u00e9-Lichine, Ch\u00e2teau Pontet-Canet, Ch\u00e2teau Lynch-Bages, Ch\u00e2teau Yquem&#8230;<\/p>\n<h4>Around Saint-\u00c9milion and Pomerol :<\/h4>\n<p>Ch\u00e2teau Ang\u00e9lus, Ch\u00e2teau Beau S\u00e9jour B\u00e9cot, Ch\u00e2teau Beauregard, Ch\u00e2teau Canon, Ch\u00e2teau Coutet, Ch\u00e2teau De Ferrand, Ch\u00e2teau De La Dauphine, Ch\u00e2teau De Pressac, Ch\u00e2teau Faug\u00e8res, Ch\u00e2teau Figeac, Ch\u00e2teau Fombrauge, Ch\u00e2teau Franc Mayne, Ch\u00e2teau Grand Barrail Lamarzelle Figeac, Ch\u00e2teau La Croizille, Ch\u00e2teau La Dominique, Ch\u00e2teau La Gaffeli\u00e8re, Ch\u00e2teau Pavie, Ch\u00e2teau Rozier, Ch\u00e2teau Saint Georges, Ch\u00e2teau Siaurac, Ch\u00e2teau Soutard, Ch\u00e2teau Troplong Mondot&#8230;[\/vc_column_text][\/vc_column][\/vc_row]<\/p>\n<\/div>","protected":false},"excerpt":{"rendered":"<p>[vc_row][vc_column width=&#8221;2\/3&#8243;][vc_column_text] Discover the Chateaux of Bordeaux, Saint-Emilion, Medoc, Sauternes, or Pomerol with our Wine Tours. Our tours are tailor-made to exactly fit your wishes. We also propose day trips to the &#8220;Bassin d&#8217;Arcachon&#8221;, to taste our famous oysters. We can also guide you to discover the secrets of the distillation of the Cognac, or [&#8230;]<\/p>\n","protected":false},"author":1,"featured_media":0,"parent":0,"menu_order":0,"comment_status":"closed","ping_status":"closed","template":"page.php","meta":{"footnotes":""},"class_list":["post-12853","page","type-page","status-publish","hentry"],"_links":{"self":[{"href":"https:\/\/www.travels-and-tours.com\/en\/wp-json\/wp\/v2\/pages\/12853","targetHints":{"allow":["GET"]}}],"collection":[{"href":"https:\/\/www.travels-and-tours.com\/en\/wp-json\/wp\/v2\/pages"}],"about":[{"href":"https:\/\/www.travels-and-tours.com\/en\/wp-json\/wp\/v2\/types\/page"}],"author":[{"embeddable":true,"href":"https:\/\/www.travels-and-tours.com\/en\/wp-json\/wp\/v2\/users\/1"}],"replies":[{"embeddable":true,"href":"https:\/\/www.travels-and-tours.com\/en\/wp-json\/wp\/v2\/comments?post=12853"}],"version-history":[{"count":24,"href":"https:\/\/www.travels-and-tours.com\/en\/wp-json\/wp\/v2\/pages\/12853\/revisions"}],"predecessor-version":[{"id":12900,"href":"https:\/\/www.travels-and-tours.com\/en\/wp-json\/wp\/v2\/pages\/12853\/revisions\/12900"}],"wp:attachment":[{"href":"https:\/\/www.travels-and-tours.com\/en\/wp-json\/wp\/v2\/media?parent=12853"}],"curies":[{"name":"wp","href":"https:\/\/api.w.org\/{rel}","templated":true}]}}