{"id":11032,"date":"2019-12-12T09:21:33","date_gmt":"2019-12-12T09:21:33","guid":{"rendered":"http:\/\/quanticalabs.com\/wp_themes4\/autoride\/?page_id=11032"},"modified":"2021-05-20T16:20:06","modified_gmt":"2021-05-20T14:20:06","slug":"mariages-evenementiel","status":"publish","type":"page","link":"https:\/\/www.travels-and-tours.com\/fr\/mariages-evenementiel\/","title":{"rendered":"Mariages, \u00c9v\u00e8nements, Tournage de films&#8230;"},"content":{"rendered":"<div class=\"wpb-content-wrapper\"><p>[vc_row el_class=\u00a0\u00bbtheme-column-style-2 theme-padding-top-0 theme-padding-bottom-50&Prime;][vc_column width=\u00a0\u00bb1\/2&Prime;]\r\n            <p class=\"theme-component-paragraph-large theme-component-paragraph-large-style-2 alignleft\">\r\n                Nous mettons notre exp\u00e9rience et notre savoir-faire \u00e0 votre service, pour que cette journ\u00e9e exceptionnelle reste inoubliable.\r\n            <\/p>\r\n        [\/vc_column][vc_column width=\u00a0\u00bb1\/2&Prime;][vc_column_text]<\/p>\n<p style=\"text-align: justify;\">Cette journ\u00e9e exceptionnelle m\u00e9rite le meilleur service. Alors faites appel \u00e0 des professionnels exp\u00e9riment\u00e9s, qui porteront leur attention au moindre d\u00e9tail, pour que vous n&rsquo;ayez \u00e0 vous soucier que du d\u00e9roulement de la c\u00e9r\u00e9monie.<\/p>\n<p>[\/vc_column_text][\/vc_column][\/vc_row][vc_row full_width=\u00a0\u00bbstretch_row_content_no_spaces\u00a0\u00bb equal_height=\u00a0\u00bbyes\u00a0\u00bb][vc_column width=\u00a0\u00bb1\/2&Prime; css=\u00a0\u00bb.vc_custom_1621416336814{background-image: url(https:\/\/www.alpine-locomotion.com\/wp-content\/uploads\/sites\/8\/2021\/05\/Mariage1_960x700.jpg?id=12680) !important;}\u00a0\u00bb][\/vc_column][vc_column width=\u00a0\u00bb1\/2&Prime; el_class=\u00a0\u00bbtheme-column-style-1 theme-background-color-7&Prime;][vc_custom_heading text=\u00a0\u00bbL&rsquo;arriv\u00e9e de la mari\u00e9e, un des moments forts d&rsquo;un mariage\u00a0\u00bb font_container=\u00a0\u00bbtag:h3|text_align:left\u00a0\u00bb use_theme_fonts=\u00a0\u00bbyes\u00a0\u00bb][vc_column_text]<\/p>\n<p style=\"text-align: justify;\">L&rsquo;arriv\u00e9e de la mari\u00e9e est un des \u00e9l\u00e9ments important d&rsquo;un mariage. Quand la future mari\u00e9e grimpe dans la voiture, elle doit g\u00e9rer le stress de ces derniers instants. Le confort de nos berlines de luxe et le professionnalisme de nos chauffeurs vont aider \u00e0 faire redescendre la pression. \u00c0 l&rsquo;arriv\u00e9e \u00e0 la premi\u00e8re \u00e9tape de la c\u00e9r\u00e9monie, juste avant que la porti\u00e8re ne s&rsquo;ouvre, la voiture va attirer tous les regards, grace \u00e0 notre chauffeur, elle sera irr\u00e9prochable. Ainsi, seul subsistera ce moment de gr\u00e2ce et de luxe, qui aura contribu\u00e9 \u00e0 rendre votre mariage inoubliable.<\/p>\n<p>[\/vc_column_text]<div class=\"theme-component-list theme-component-list-style-2 theme-margin-top-40\">\n<ul>\n<li>Chauffeurs Professionnels<\/li>\n<li>Conduite tout en douceur<\/li>\n<li>V\u00e9hicules Premiums<\/li>\n<\/ul>\n<\/div>[\/vc_column][\/vc_row][vc_row full_width=\u00a0\u00bbstretch_row\u00a0\u00bb el_class=\u00a0\u00bbtheme-section-padding\u00a0\u00bb css=\u00a0\u00bb.vc_custom_1571303563802{border-bottom-width: 1px !important;border-bottom-color: #eaecee !important;border-bottom-style: solid !important;}\u00a0\u00bb][vc_column el_class=\u00a0\u00bbtheme-column-style-2 theme-padding-bottom-40 theme-margin-bottom-0&Prime;]\n            <div class=\"theme-component-tab theme-clear-fix\" data-active=\"0\" data-close_start=\"0\" data-collapsible=\"0\" data-height_style=\"content\" data-animation_open_enable=\"1\" data-animation_open_duration=\"200\" data-animation_open_delay=\"0\" data-animation_open_easing=\"swing\" data-animation_close_enable=\"1\" data-animation_close_duration=\"200\" data-animation_close_delay=\"0\" data-animation_close_easing=\"swing\">\n                \n            <a href=\"#theme_component_tab_0409543A08BA6C0C0C33E627955A44F9\"><span class=\"theme-icon-feature-car-7\"><\/span><span>Mariages<\/span><\/a>\n            <div id=\"theme_component_tab_0409543A08BA6C0C0C33E627955A44F9\">[vc_row][vc_column width=\"1\/2\"]\r\n            <p class=\"theme-component-paragraph-large theme-component-paragraph-large-style-2 alignleft theme-padding-bottom-20\">\r\n                Pour profiter pleinement de votre mariage, offrez-vous un chauffeur et sa voiture.\r\n            <\/p>\r\n        [vc_column_text]Nos chauffeurs professionnels et nos v\u00e9hicules luxueux sauront vous ravir. Votre chauffeur et votre voiture vous ferons vous sentir unique en ce jour important entre tous. Faire appel \u00e0 des professionnels, c'est l'assurance de pouvoir profiter pleinement de ce grand jour, avec le plaisir de vous faire conduire.[\/vc_column_text][\/vc_column][vc_column width=\"1\/2\" el_class=\"theme-column-style-6\"]<div class=\"theme-component-list theme-component-list-style-1\">\r\n<ul>\r\n \t<li>Un chauffeur disponible et \u00e0 votre unique service<\/li>\r\n \t<li>Un chauffeur en costume<\/li>\r\n \t<li>Un v\u00e9hicule exceptionnel pour un jour exceptionnel<\/li>\r\n \t<li>Pas besoin de vous soucier de la conduite<\/li>\r\n \t<li>Une conduite s\u00fbre, par un professionnel<\/li>\r\n \t<li>Nous pouvons nous charger d'installer votre d\u00e9coration sur la voiture<\/li>\r\n<\/ul>\r\n<\/div>[\/vc_column][\/vc_row]<\/div>\n        \n            <a href=\"#theme_component_tab_C7D37CF34B5AAEFCF6958706C7EAE272\"><span class=\"theme-icon-feature-people\"><\/span><span>\u00c9v\u00e8nementiel<\/span><\/a>\n            <div id=\"theme_component_tab_C7D37CF34B5AAEFCF6958706C7EAE272\">[vc_row][vc_column width=\"1\/2\"]\r\n            <p class=\"theme-component-paragraph-large theme-component-paragraph-large-style-2 alignleft theme-padding-bottom-20\">\r\n                Pour un \u00e9v\u00e8nement particulier, il vous faut un service particulier.\r\n            <\/p>\r\n        [vc_column_text]Nos chauffeurs professionnels et nos v\u00e9hicules luxueux sauront garantir l'image de votre \u00e9v\u00e8nement. Que ce soit \u00e0 titre priv\u00e9 ou pour un \u00e9v\u00e8nement d'entreprise, recourir aux services de \u00a0professionnels, c'est l'assurance d'une organisation sans faille. Vous avez s\u00fbrement beaucoup de choses \u00e0 penser, alors ne vous souciez pas du transport, nous nous en occupons.[\/vc_column_text][\/vc_column][vc_column width=\"1\/2\" el_class=\"theme-column-style-6\"]<div class=\"theme-component-list theme-component-list-style-1\">\r\n<ul>\r\n \t<li>Un ou des chauffeurs disponibles et \u00e0 votre unique service<\/li>\r\n \t<li>Un ou des chauffeurs en costumes<\/li>\r\n \t<li>Un ou des v\u00e9hicules exceptionnels pour un jour exceptionnel<\/li>\r\n \t<li>Pas besoin de vous soucier de la conduite<\/li>\r\n \t<li>Une conduite s\u00fbre, par des professionnels<\/li>\r\n \t<li>Nous pouvons nous charger de l'organisation de vos transports<\/li>\r\n<\/ul>\r\n<\/div>[\/vc_column][\/vc_row]<\/div>\n        \n            <a href=\"#theme_component_tab_32B22EAC05DFD988C4354AFE79DA2049\"><span class=\"theme-icon-feature-colosseum\"><\/span><span>Tourisme<\/span><\/a>\n            <div id=\"theme_component_tab_32B22EAC05DFD988C4354AFE79DA2049\">[vc_row][vc_column width=\"1\/2\"]\r\n            <p class=\"theme-component-paragraph-large theme-component-paragraph-large-style-2 alignleft theme-padding-bottom-20\">\r\n                Vous voulez faire du tourisme ? Demandez \u00e0 un chauffeur de vous conduire.\r\n            <\/p>\r\n        [vc_column_text]Se promener et d\u00e9couvrir une ville ou une r\u00e9gion, n'est pas toujours simple. Vous ne savez pas o\u00f9 aller, si vous conduisez vous ne pouvez pas regarder le paysage. En vous offrant les services d'un chauffeur, vous profiterez pleinement de tout ce qu'il y a \u00e0 voir autour de vous. Vous n'aurez pas \u00e0 vous pr\u00e9occuper de la circulation, qui peut \u00eatre perturbante dans une r\u00e9gion que l'on ne connait pas.[\/vc_column_text][\/vc_column][vc_column width=\"1\/2\" el_class=\"theme-column-style-6\"]<div class=\"theme-component-list theme-component-list-style-1\">\r\n<ul>\r\n \t<li>Un chauffeur qui connait la r\u00e9gion<\/li>\r\n \t<li>Un v\u00e9hicule confortable<\/li>\r\n \t<li>Le plaisir de vous faire conduire, sans stress<\/li>\r\n \t<li>Une vraie journ\u00e9e de d\u00e9tente<\/li>\r\n \t<li>Une conduite s\u00fbre, par un professionnel<\/li>\r\n \t<li>Nous pouvons nous charger de l'organisation de votre journ\u00e9e<\/li>\r\n<\/ul>\r\n<\/div>[\/vc_column][\/vc_row]<\/div>\n        \n            <a href=\"#theme_component_tab_6B69CF21F5E251612ED049874B030C43\"><span class=\"theme-icon-feature-picture\"><\/span><span>Tournage de films<\/span><\/a>\n            <div id=\"theme_component_tab_6B69CF21F5E251612ED049874B030C43\">[vc_row][vc_column width=\"1\/2\"]\r\n            <p class=\"theme-component-paragraph-large theme-component-paragraph-large-style-2 alignleft theme-padding-bottom-20\">\r\n                Besoin de v\u00e9hicules particuliers ou de chauffeurs pour les acteurs ou l'\u00e9quipe de tournage ? Demandez-nous.\r\n            <\/p>\r\n        [vc_column_text]La production a besoin de v\u00e9hicules particuliers ? La production a besoin de chauffeurs et de v\u00e9hicules pour conduire les acteurs, avec un maximum de discr\u00e9tion et dans le plus grand confort ? Ou alors c'est pour l'\u00e9quipe de tournage, et vous avez besoin de v\u00e9hicules de plus grande capacit\u00e9 ? Nous pouvons vous aider.[\/vc_column_text][\/vc_column][vc_column width=\"1\/2\" el_class=\"theme-column-style-6\"]<div class=\"theme-component-list theme-component-list-style-1\">\r\n<ul>\r\n \t<li>Des chauffeurs d'une discr\u00e9tion absolue<\/li>\r\n \t<li>Des chauffeurs qui connaissent la r\u00e9gion<\/li>\r\n \t<li>Des v\u00e9hicules confortables<\/li>\r\n \t<li>Des v\u00e9hicules particuliers ou de collection<\/li>\r\n \t<li>Des v\u00e9hicules de grande capacit\u00e9 si besoin<\/li>\r\n \t<li>Une conduite s\u00fbre, par des professionnels<\/li>\r\n<\/ul>\r\n<\/div>[\/vc_column][\/vc_row]<\/div>\n        \n            <a href=\"#theme_component_tab_35EF22993CC5E678A0560EE79E485029\"><span class=\"theme-icon-feature-share-time\"><\/span><span>Mise \u00e0 disposition chauffeur<\/span><\/a>\n            <div id=\"theme_component_tab_35EF22993CC5E678A0560EE79E485029\">[vc_row][vc_column width=\"1\/2\"]\r\n            <p class=\"theme-component-paragraph-large theme-component-paragraph-large-style-2 alignleft theme-padding-bottom-20\">\r\n                Besoin d'un chauffeur professionnel ? Pour conduire votre v\u00e9hicule ou l'un des n\u00f4tres.\r\n            <\/p>\r\n        [vc_column_text]Vous ne voulez pas conduire sur longue distance ? Vous pr\u00e9f\u00e9rez vous concentrer sur vos affaires ? Vous ne voulez pas conduire pour toute autre raison ? Nous pouvons mettre \u00e0 votre disposition un chauffeur pour conduire votre propre v\u00e9hicule. Ou nous pouvons mettre \u00e0 votre disposition un chauffeur et son v\u00e9hicule, pour la dur\u00e9e qui vous convient.[\/vc_column_text][\/vc_column][vc_column width=\"1\/2\" el_class=\"theme-column-style-6\"]<div class=\"theme-component-list theme-component-list-style-1\">\r\n<ul>\r\n \t<li>Un chauffeur professionnel \u00e0 votre unique service<\/li>\r\n \t<li>Un chauffeur en costume, pour conduire votre propre v\u00e9hicule<\/li>\r\n \t<li>Ou un chauffeur et son v\u00e9hicule<\/li>\r\n \t<li>Pour des missions de quelques heures \u00e0 plusieurs jours<\/li>\r\n \t<li>Pas besoin de vous soucier de la conduite<\/li>\r\n \t<li>Une conduite s\u00fbre, par un professionnel<\/li>\r\n \t<li>Votre chauffeur d\u00e9termine les meilleurs itin\u00e9raires<\/li>\r\n<\/ul>\r\n<\/div>[\/vc_column][\/vc_row]<\/div>\n        \n            <\/div>\n        [\/vc_column][\/vc_row][vc_row el_class=\u00a0\u00bbtheme-section-padding\u00a0\u00bb][vc_column el_class=\u00a0\u00bbtheme-column-style-2 theme-padding-bottom-60 theme-margin-bottom-0&Prime;]\n            <div class=\"theme-component-blockquote theme-component-blockquote-style-1 theme-margin-bottom-60\">\n                <span class=\"theme-icon-meta-quote\"><\/span>\n                <blockquote>Pour chacun des services que vous nous confiez,<br \/>\nnous apportons le meilleur, pour t\u00e2cher d&rsquo;aller chaque fois au-del\u00e0 de vos attentes.<\/blockquote>\n                <div>Hugo C. - CEO &amp; Secr\u00e9taire G\u00e9n\u00e9ral de la FF-EVTC<\/div>\n            <\/div>\n        [vc_row][vc_column el_class=\"theme-margin-bottom-0\"]\n            <div data-column_count=\"2\" class=\"theme-component-gallery theme-component-gallery-type-1 theme-component-gallery-effect-type-1\">\n                <ul>\n                    \r\n            <li class=\"theme-component-gallery-item-width-50\">\r\n                <a class=\"theme-image-fancybox\" data-fancybox-group=\"autoride-gallery-1\" href=\"https:\/\/www.travels-and-tours.com\/wp-content\/uploads\/sites\/8\/2019\/04\/image_02-1-2.jpg\">\r\n                    <img decoding=\"async\" src=\"https:\/\/www.travels-and-tours.com\/wp-content\/uploads\/sites\/8\/2019\/04\/image_02-1.jpg\" alt=\"Image\"\/>\r\n                    \r\n                    <i><\/i>\r\n                <\/a>\r\n            <\/li>\r\n        \r\n            <li class=\"theme-component-gallery-item-width-50\">\r\n                <a class=\"theme-image-fancybox\" data-fancybox-group=\"autoride-gallery-1\" href=\"https:\/\/www.travels-and-tours.com\/wp-content\/uploads\/sites\/8\/2019\/04\/Tourisme_1125x750.jpg\">\r\n                    <img decoding=\"async\" src=\"https:\/\/www.travels-and-tours.com\/wp-content\/uploads\/sites\/8\/2019\/04\/Tourisme_590x275.jpg\" alt=\"Image\"\/>\r\n                    \r\n                    <i><\/i>\r\n                <\/a>\r\n            <\/li>\r\n        \r\n            <li class=\"theme-component-gallery-item-width-25\">\r\n                <a class=\"theme-image-fancybox\" data-fancybox-group=\"autoride-gallery-1\" href=\"https:\/\/www.travels-and-tours.com\/wp-content\/uploads\/sites\/8\/2019\/04\/Mariage1_1125x750.jpg\">\r\n                    <img decoding=\"async\" src=\"https:\/\/www.travels-and-tours.com\/wp-content\/uploads\/sites\/8\/2019\/04\/Mariage1_275x275.jpg\" alt=\"Image\"\/>\r\n                    \r\n                    <i><\/i>\r\n                <\/a>\r\n            <\/li>\r\n        \r\n            <li class=\"theme-component-gallery-item-width-50\">\r\n                <a class=\"theme-image-fancybox\" data-fancybox-group=\"autoride-gallery-1\" href=\"https:\/\/www.travels-and-tours.com\/wp-content\/uploads\/sites\/8\/2019\/04\/Tournage2_1125x750.jpg\">\r\n                    <img decoding=\"async\" src=\"https:\/\/www.travels-and-tours.com\/wp-content\/uploads\/sites\/8\/2019\/04\/Tournage2_590x275.jpg\" alt=\"Image\"\/>\r\n                    \r\n                    <i><\/i>\r\n                <\/a>\r\n            <\/li>\r\n        \r\n            <li class=\"theme-component-gallery-item-width-25\">\r\n                <a class=\"theme-image-fancybox\" data-fancybox-group=\"autoride-gallery-1\" href=\"https:\/\/www.travels-and-tours.com\/wp-content\/uploads\/sites\/8\/2019\/04\/Tournage_1125x750.jpg\">\r\n                    <img decoding=\"async\" src=\"https:\/\/www.travels-and-tours.com\/wp-content\/uploads\/sites\/8\/2019\/04\/Tournage1_275x275.jpg\" alt=\"Image\"\/>\r\n                    \r\n                    <i><\/i>\r\n                <\/a>\r\n            <\/li>\r\n        \n                <\/ul>\n            <\/div>\n        [\/vc_column][\/vc_row][\/vc_column][\/vc_row]<\/p>\n<\/div>","protected":false},"excerpt":{"rendered":"<p>[vc_row el_class=\u00a0\u00bbtheme-column-style-2 theme-padding-top-0 theme-padding-bottom-50&Prime;][vc_column width=\u00a0\u00bb1\/2&Prime;][\/vc_column][vc_column width=\u00a0\u00bb1\/2&Prime;][vc_column_text] Cette journ\u00e9e exceptionnelle m\u00e9rite le meilleur service. Alors faites appel \u00e0 des professionnels exp\u00e9riment\u00e9s, qui porteront leur attention au moindre d\u00e9tail, pour que vous n&rsquo;ayez \u00e0 vous soucier que du d\u00e9roulement de la c\u00e9r\u00e9monie. [\/vc_column_text][\/vc_column][\/vc_row][vc_row full_width=\u00a0\u00bbstretch_row_content_no_spaces\u00a0\u00bb equal_height=\u00a0\u00bbyes\u00a0\u00bb][vc_column width=\u00a0\u00bb1\/2&Prime; css=\u00a0\u00bb.vc_custom_1621416336814{background-image: url(https:\/\/www.alpine-locomotion.com\/wp-content\/uploads\/sites\/8\/2021\/05\/Mariage1_960x700.jpg?id=12680) !important;}\u00a0\u00bb][\/vc_column][vc_column width=\u00a0\u00bb1\/2&Prime; el_class=\u00a0\u00bbtheme-column-style-1 theme-background-color-7&Prime;][vc_custom_heading text=\u00a0\u00bbL&rsquo;arriv\u00e9e de la mari\u00e9e, un [&#8230;]<\/p>\n","protected":false},"author":1,"featured_media":0,"parent":0,"menu_order":0,"comment_status":"closed","ping_status":"closed","template":"","meta":{"footnotes":""},"class_list":["post-11032","page","type-page","status-publish","hentry"],"_links":{"self":[{"href":"https:\/\/www.travels-and-tours.com\/fr\/wp-json\/wp\/v2\/pages\/11032","targetHints":{"allow":["GET"]}}],"collection":[{"href":"https:\/\/www.travels-and-tours.com\/fr\/wp-json\/wp\/v2\/pages"}],"about":[{"href":"https:\/\/www.travels-and-tours.com\/fr\/wp-json\/wp\/v2\/types\/page"}],"author":[{"embeddable":true,"href":"https:\/\/www.travels-and-tours.com\/fr\/wp-json\/wp\/v2\/users\/1"}],"replies":[{"embeddable":true,"href":"https:\/\/www.travels-and-tours.com\/fr\/wp-json\/wp\/v2\/comments?post=11032"}],"version-history":[{"count":31,"href":"https:\/\/www.travels-and-tours.com\/fr\/wp-json\/wp\/v2\/pages\/11032\/revisions"}],"predecessor-version":[{"id":12683,"href":"https:\/\/www.travels-and-tours.com\/fr\/wp-json\/wp\/v2\/pages\/11032\/revisions\/12683"}],"wp:attachment":[{"href":"https:\/\/www.travels-and-tours.com\/fr\/wp-json\/wp\/v2\/media?parent=11032"}],"curies":[{"name":"wp","href":"https:\/\/api.w.org\/{rel}","templated":true}]}}