{"id":11055,"date":"2019-12-12T09:54:28","date_gmt":"2019-12-12T09:54:28","guid":{"rendered":"http:\/\/quanticalabs.com\/wp_themes4\/autoride\/?page_id=11055"},"modified":"2023-11-28T19:02:03","modified_gmt":"2023-11-28T18:02:03","slug":"accueil","status":"publish","type":"page","link":"https:\/\/www.travels-and-tours.com\/fr\/","title":{"rendered":"Accueil"},"content":{"rendered":"<div class=\"wpb-content-wrapper\"><p>[vc_row full_width=\u00a0\u00bbstretch_row_content_no_spaces\u00a0\u00bb el_class=\u00a0\u00bbtheme-overflow-hidden\u00a0\u00bb][vc_column el_class=\u00a0\u00bbtheme-margin-bottom-0&Prime;][rev_slider slidertitle=\u00a0\u00bbSlider-accueil-FR\u00a0\u00bb alias=\u00a0\u00bbslider-home-2&Prime;][\/vc_column][\/vc_row][vc_row el_class=\u00a0\u00bbtheme-margin-top-100&Prime;][vc_column]\n            <div class=\"theme-component-feature theme-component-feature-style-1\">\n                [vc_row_inner][vc_column_inner width=\u00a0\u00bb1\/4&Prime;]\r\n            <div class=\"theme-component-feature-item\">\r\n                <span class=\"theme-icon-feature-garage theme-component-feature-item-icon\"><span><\/span><\/span>\r\n                <h4 class=\"theme-component-feature-item-header\">S\u00e9curit\u00e9<\/h4><p>Chauffeurs professionnels attentifs, personnel form\u00e9 et exp\u00e9riment\u00e9<\/p>\n\r\n            <\/div>\r\n        [\/vc_column_inner][vc_column_inner width=\u00a0\u00bb1\/4&Prime;]\r\n            <div class=\"theme-component-feature-item\">\r\n                <span class=\"theme-icon-feature-paper-plane theme-component-feature-item-icon\"><span><\/span><\/span>\r\n                <h4 class=\"theme-component-feature-item-header\">Tarifs Raisonnables<\/h4><p>Le bon v\u00e9hicule au bon prix, et le tarif annonc\u00e9 toujours respect\u00e9<\/p>\n\r\n            <\/div>\r\n        [\/vc_column_inner][vc_column_inner width=\u00a0\u00bb1\/4&Prime;]\r\n            <div class=\"theme-component-feature-item\">\r\n                <span class=\"theme-icon-feature-bus-1 theme-component-feature-item-icon\"><span><\/span><\/span>\r\n                <h4 class=\"theme-component-feature-item-header\">Choix de V\u00e9hicules<\/h4><p>Large gamme de v\u00e9hicules, berlines \u00e9co \u00e0 grand luxe, vans ou m\u00eame bus<\/p>\n\r\n            <\/div>\r\n        [\/vc_column_inner][vc_column_inner width=\u00a0\u00bb1\/4&Prime;]\r\n            <div class=\"theme-component-feature-item\">\r\n                <span class=\"theme-icon-feature-road-pin theme-component-feature-item-icon\"><span><\/span><\/span>\r\n                <h4 class=\"theme-component-feature-item-header\">Services France - Europe<\/h4><p>Nous pouvons intervenir partout en \u00a0France, et \u00e9tendre sur l&rsquo;Europe<\/p>\n\r\n            <\/div>\r\n        [\/vc_column_inner][\/vc_row_inner]\n            <\/div>\n        [\/vc_column][\/vc_row][vc_row full_width=\u00a0\u00bbstretch_row\u00a0\u00bb el_class=\u00a0\u00bbtheme-margin-bottom-30&Prime;][vc_column][vc_single_image image=\u00a0\u00bb12407&Prime; img_size=\u00a0\u00bbfull\u00a0\u00bb el_class=\u00a0\u00bbtheme-image-style-3&Prime;][vc_single_image image=\u00a0\u00bb12359&Prime; img_size=\u00a0\u00bbfull\u00a0\u00bb el_class=\u00a0\u00bbtheme-image-style-3&Prime;][\/vc_column][\/vc_row][vc_row el_class=\u00a0\u00bbtheme-margin-bottom-40&Prime;][vc_column]\n            <div class=\"theme-component-blockquote theme-component-blockquote-style-1\">\n                <span class=\"theme-icon-meta-quote\"><\/span>\n                <blockquote>Je vous invite \u00e0 essayer nos services et je vous garantis personnellement que vous aurez une exp\u00e9rience qui sera au-del\u00e0 de vos attentes.<\/blockquote>\n                <div>Hugo C. - Chauffeur &amp; CEO<\/div>\n            <\/div>\n        [\/vc_column][\/vc_row][vc_row full_width=\u00a0\u00bbstretch_row_content_no_spaces\u00a0\u00bb equal_height=\u00a0\u00bbyes\u00a0\u00bb][vc_column width=\u00a0\u00bb1\/2&Prime; css=\u00a0\u00bb.vc_custom_1620391780587{background-image: url(https:\/\/www.alpine-locomotion.com\/wp-content\/uploads\/sites\/8\/2021\/05\/image_03.jpg?id=12369) !important;}\u00a0\u00bb][vc_single_image image=\u00a0\u00bb12387&Prime; img_size=\u00a0\u00bbfull\u00a0\u00bb alignment=\u00a0\u00bbcenter\u00a0\u00bb][\/vc_column][vc_column width=\u00a0\u00bb1\/2&Prime; el_class=\u00a0\u00bbtheme-column-style-1 theme-background-color-12&Prime;][vc_custom_heading text=\u00a0\u00bbDes chauffeurs et leurs v\u00e9hicules bas\u00e9s sur les bords du Lac L\u00e9man et \u00e0 Bordeaux\u00a0\u00bb font_container=\u00a0\u00bbtag:h3|text_align:left\u00a0\u00bb use_theme_fonts=\u00a0\u00bbyes\u00a0\u00bb][vc_column_text]Depuis sa cr\u00e9ation \u00e0 Bordeaux en 2015, l&rsquo;entreprise a \u00e9tendu son activit\u00e9 dans les Alpes, sur les rives du Lac L\u00e9man. Nous vous proposons aujourd&rsquo;hui nos services de chauffeurs priv\u00e9s, aussi bien \u00e0 Bordeaux qu&rsquo;autour de Gen\u00e8ve. Notre offre comprend aussi des wine tours et des circuits touristiques.[\/vc_column_text][vc_row_inner][vc_column_inner width=\u00a0\u00bb1\/2&Prime;]<div class=\"theme-component-list theme-component-list-style-2 theme-margin-top-40\">\n<ul>\n<li>Chauffeurs professionnels<\/li>\n<li>Services 24h\/24 et 7j\/7<\/li>\n<li>Service Premium<\/li>\n<\/ul>\n<\/div>[\/vc_column_inner][vc_column_inner width=\u00a0\u00bb1\/2&Prime;]<div class=\"theme-component-list theme-component-list-style-2 theme-margin-top-40\">\n<ul>\n<li>Large choix de v\u00e9hicules<\/li>\n<li>V\u00e9hicules \u00e9lectriques \/ hybrides<\/li>\n<li>Services France &amp; Europe<\/li>\n<\/ul>\n<\/div>[\/vc_column_inner][\/vc_row_inner][\/vc_column][\/vc_row][vc_row el_class=\u00a0\u00bbtheme-column-style-2 theme-padding-bottom-60&Prime;][vc_column width=\u00a0\u00bb1\/2&Prime; el_class=\u00a0\u00bbtheme-margin-bottom-40&Prime;][vc_custom_heading text=\u00a0\u00bbUn Service de Premier Ordre\u00a0\u00bb font_container=\u00a0\u00bbtag:h3|text_align:center\u00a0\u00bb use_theme_fonts=\u00a0\u00bbyes\u00a0\u00bb el_class=\u00a0\u00bbtheme-margin-top-40&Prime;]\r\n            <p class=\"theme-component-paragraph-large theme-component-paragraph-large-style-1 aligncenter\">\r\n                En offrant un service exceptionnel ne n\u00e9gligeant aucun d\u00e9tail, nous avons r\u00e9ussi \u00e0 faire que nos services de chauffeurs soient parmi les mieux not\u00e9s dans les Alpes et \u00e0 Bordeaux.\r\n            <\/p>\r\n        \r\n            <div class=\"theme-component-button theme-component-button-style-1 aligncenter aligncenter theme-margin-top-40\">\r\n                <a href=\"https:\/\/www.alpine-locomotion.com\/fr\/a-propos-de-nous\/\" target=\"_self\">\r\n                    En Savoir Plus\r\n                <\/a>\r\n            <\/div>\r\n        [\/vc_column][vc_column width=\u00a0\u00bb1\/2&Prime; el_class=\u00a0\u00bbtheme-margin-bottom-0&Prime;][vc_row][vc_column el_class=\"theme-margin-bottom-0\"]\n            <div data-column_count=\"2\" class=\"theme-component-gallery theme-component-gallery-type-2 theme-component-gallery-effect-type-1 theme-margin-bottom-0\">\n                <ul>\n                    \r\n            <li class=\"theme-component-gallery-item-width-25\">\r\n                <a class=\"theme-image-fancybox\" data-fancybox-group=\"autoride-gallery-1\" href=\"https:\/\/www.travels-and-tours.com\/wp-content\/uploads\/sites\/8\/2019\/04\/BMW_Mariage_1125x750.jpg\">\r\n                    <img decoding=\"async\" src=\"https:\/\/www.travels-and-tours.com\/wp-content\/uploads\/sites\/8\/2019\/04\/BMW_Mariage_275x406.jpg\" alt=\"Image\"\/>\r\n                    \r\n                    <i><\/i>\r\n                <\/a>\r\n            <\/li>\r\n        \r\n            <li class=\"theme-component-gallery-item-width-25\">\r\n                <a class=\"theme-image-fancybox\" data-fancybox-group=\"autoride-gallery-1\" href=\"https:\/\/www.travels-and-tours.com\/wp-content\/uploads\/sites\/8\/2019\/04\/Mission_Chateau_Pape_Clement_1125x750.jpg\">\r\n                    <img decoding=\"async\" src=\"https:\/\/www.travels-and-tours.com\/wp-content\/uploads\/sites\/8\/2019\/04\/Mission_Chateau_Pape_Clement_275x183.jpg\" alt=\"Image\"\/>\r\n                    \r\n                    <i><\/i>\r\n                <\/a>\r\n            <\/li>\r\n        \r\n            <li class=\"theme-component-gallery-item-width-25\">\r\n                <a class=\"theme-image-fancybox\" data-fancybox-group=\"autoride-gallery-1\" href=\"https:\/\/www.travels-and-tours.com\/wp-content\/uploads\/sites\/8\/2019\/04\/Sommet_Toulouse_1125x750.jpg\">\r\n                    <img decoding=\"async\" src=\"https:\/\/www.travels-and-tours.com\/wp-content\/uploads\/sites\/8\/2019\/04\/Sommet_Toulouse_275x183.jpg\" alt=\"Image\"\/>\r\n                    \r\n                    <i><\/i>\r\n                <\/a>\r\n            <\/li>\r\n        \n                <\/ul>\n            <\/div>\n        [\/vc_column][\/vc_row][\/vc_column][\/vc_row][vc_row full_width=\u00a0\u00bbstretch_row\u00a0\u00bb el_class=\u00a0\u00bbtheme-background-color-7&Prime;][vc_column el_class=\u00a0\u00bbtheme-column-style-2 theme-margin-bottom-0&Prime;]\r\n            <div class=\"theme-component-header-subheader aligncenter\">\r\n                <div class=\"theme-component-header-subheader-subheader\">NOS DIFF\u00c9RENTS SERVICES<\/div>\r\n                <h2 class=\"theme-component-header-subheader-header\">Ce que nous pouvons faire pour vous<\/h2>\r\n            <\/div>\r\n        [vc_row][vc_column el_class=\"theme-margin-bottom-10\"]\n            <div data-column_count=\"2\" class=\"theme-component-gallery theme-component-gallery-type-1 theme-component-gallery-effect-type-2\">\n                <ul>\n                    \r\n            <li class=\"theme-component-gallery-item-width-50\">\r\n                <a data-fancybox-group=\"autoride-gallery-2\" href=\"https:\/\/www.alpine-locomotion.com\/fr\/transferts-aeroport\/\">\r\n                    <img decoding=\"async\" src=\"https:\/\/www.travels-and-tours.com\/wp-content\/uploads\/sites\/8\/2019\/04\/Airport-Transfers_590x275.jpg\" alt=\"Airplane landing\"\/>\r\n                    <span><span><\/span><span>TRANSFERT A\u00c9ROPORT<\/span><\/span>\r\n                    <i><\/i>\r\n                <\/a>\r\n            <\/li>\r\n        \r\n            <li class=\"theme-component-gallery-item-width-50\">\r\n                <a data-fancybox-group=\"autoride-gallery-2\" href=\"https:\/\/www.alpine-locomotion.com\/en\/worldwide-transportation\/\">\r\n                    <img decoding=\"async\" src=\"https:\/\/www.travels-and-tours.com\/wp-content\/uploads\/sites\/8\/2019\/04\/Bordeaux-Geneve.jpg\" alt=\"Image\"\/>\r\n                    <span><span><\/span><span>PR\u00c9SENCE NATIONALE<\/span><\/span>\r\n                    <i><\/i>\r\n                <\/a>\r\n            <\/li>\r\n        \r\n            <li class=\"theme-component-gallery-item-width-50\">\r\n                <a data-fancybox-group=\"autoride-gallery-2\" href=\"https:\/\/www.alpine-locomotion.com\/fr\/mariages-evenementiel\/\">\r\n                    <img decoding=\"async\" src=\"https:\/\/www.travels-and-tours.com\/wp-content\/uploads\/sites\/8\/2019\/04\/Mariage_B_590x275.jpg\" alt=\"Image\"\/>\r\n                    <span><span><\/span><span>MARIAGES &amp; \u00c9V\u00c8NEMENTIEL<\/span><\/span>\r\n                    <i><\/i>\r\n                <\/a>\r\n            <\/li>\r\n        \r\n            <li class=\"theme-component-gallery-item-width-25\">\r\n                <a data-fancybox-group=\"autoride-gallery-2\" href=\"https:\/\/www.alpine-locomotion.com\/fr\/voyages-entreprise\/\">\r\n                    <img decoding=\"async\" src=\"https:\/\/www.travels-and-tours.com\/wp-content\/uploads\/sites\/8\/2019\/04\/Corporate_275x275.jpg\" alt=\"Image\"\/>\r\n                    <span><span><\/span><span>VOYAGES D&#039;ENTREPRISE<\/span><\/span>\r\n                    <i><\/i>\r\n                <\/a>\r\n            <\/li>\r\n        \r\n            <li class=\"theme-component-gallery-item-width-25\">\r\n                <a data-fancybox-group=\"autoride-gallery-2\" href=\"https:\/\/www.alpine-locomotion.com\/fr\/mariages-evenementiel\/\">\r\n                    <img decoding=\"async\" src=\"https:\/\/www.travels-and-tours.com\/wp-content\/uploads\/sites\/8\/2019\/04\/Tournage_Chateau_de_la_riviere.jpg\" alt=\"Image\"\/>\r\n                    <span><span><\/span><span>TOURNAGE FILMS<\/span><\/span>\r\n                    <i><\/i>\r\n                <\/a>\r\n            <\/li>\r\n        \n                <\/ul>\n            <\/div>\n        [\/vc_column][\/vc_row]\r\n            <div class=\"theme-component-button theme-component-button-style-1 aligncenter\">\r\n                <a href=\"http:\/\/quanticalabs.com\/wp_themes4\/autoride\/our-services-i\/\" target=\"_self\">\r\n                    More Services\r\n                <\/a>\r\n            <\/div>\r\n        [\/vc_column][\/vc_row][vc_row full_width=\u00a0\u00bbstretch_row\u00a0\u00bb el_class=\u00a0\u00bbtheme-background-color-7 theme-padding-top-100 theme-padding-bottom-20&Prime;][vc_column]\r\n            <div class=\"theme-component-header-subheader aligncenter\">\r\n                <div class=\"theme-component-header-subheader-subheader\">ENGAGEMENT DE SERVICE<\/div>\r\n                <h2 class=\"theme-component-header-subheader-header\">Nos Comp\u00e9tences<\/h2>\r\n            <\/div>\r\n        \n            <div class=\"theme-component-feature-image-list\">\n                [vc_row_inner][vc_column_inner width=\u00a0\u00bb1\/2&Prime;]\r\n            <div class=\"theme-component-feature-image-list-item\">\r\n                <div class=\"theme-component-feature-image-list-item-image\">\r\n                    <img decoding=\"async\" src=\"https:\/\/www.travels-and-tours.com\/wp-content\/uploads\/sites\/8\/2021\/02\/Conduite_Hugo_590x275.jpg\" alt=\"Image\">\r\n                    <span><span class=\"theme-icon-feature-city-2\"><\/span><\/span>\r\n                    <div><\/div>\r\n                <\/div>\r\n                <div class=\"theme-component-feature-image-list-item-content\"><h4><a href=\"https:\/\/www.alpine-locomotion.com\/fr\/a-propos-de-nous\/\">PROFESSIONALISME<\/a><\/h4><p>Notre personnel exp\u00e9riment\u00e9 et nos chauffeurs hautement professionnels s\u2019engagent \u00e0 fournir un transport s\u00fbr et fiable, un service client exceptionnel et des prix coh\u00e9rents. Chaque mission b\u00e9n\u00e9ficie de la m\u00eame attention apport\u00e9e aux d\u00e9tails. Le transport de personnes est notre m\u00e9tier, le service est notre passion.<\/p><\/div>\r\n            <\/div>\r\n        [\/vc_column_inner][vc_column_inner width=\u00a0\u00bb1\/2&Prime;]\r\n            <div class=\"theme-component-feature-image-list-item\">\r\n                <div class=\"theme-component-feature-image-list-item-image\">\r\n                    <img decoding=\"async\" src=\"https:\/\/www.travels-and-tours.com\/wp-content\/uploads\/sites\/8\/2021\/03\/chauffeursdexception-femme-rouge-590x275-1.jpg\" alt=\"Image\">\r\n                    <span><span class=\"theme-icon-feature-compass\"><\/span><\/span>\r\n                    <div><\/div>\r\n                <\/div>\r\n                <div class=\"theme-component-feature-image-list-item-content\"><h4><a href=\"https:\/\/www.alpine-locomotion.com\/fr\/a-propos-de-nous\/\">ENGAGEMENT<\/a><\/h4><p>Nos services sont disponibles vingt-quatre heures sur vingt-quatre, sept jours sur sept. Vous nommez l\u2019occasion \u2013 nous rendrons le trajet impeccable. Que vous ayez besoin d\u2019un v\u00e9hicule avec chauffeur pour affaires ou pour le plaisir, pr\u00e8s de chez vous ou dans une nouvelle ville, nous sommes toujours l\u00e0.<\/p><\/div>\r\n            <\/div>\r\n        [\/vc_column_inner][\/vc_row_inner]\n            <\/div>\n        [\/vc_column][\/vc_row][vc_row disable_element=\u00a0\u00bbyes\u00a0\u00bb el_class=\u00a0\u00bbtheme-column-style-2&Prime;][vc_column el_class=\u00a0\u00bbtheme-margin-bottom-0&Prime;]\r\n            <div class=\"theme-component-header-subheader aligncenter\">\r\n                <div class=\"theme-component-header-subheader-subheader\">MEET OUR DRIVERS<\/div>\r\n                <h2 class=\"theme-component-header-subheader-header\">Your Safety Is Our Top Priority<\/h2>\r\n            <\/div>\r\n        \n                <div class=\"theme-component-driver-list theme-component-driver-list-style-2 theme-margin-bottom-10\">\n                    [vc_row_inner][vc_column_inner width=\u00a0\u00bb1\/3&Prime;]\n                <div class=\"theme-component-driver-list-item\">\n                    <div class=\"theme-component-driver-list-item-image\"><a href=\"http:\/\/quanticalabs.com\/wp_themes4\/autoride\/mark-webster\/\"><img decoding=\"async\" src=\"https:\/\/www.travels-and-tours.com\/wp-content\/uploads\/sites\/8\/2019\/04\/driver_01.jpg\" alt=\"Image\" \/><\/a><\/div>\n                    <h4><a href=\"http:\/\/quanticalabs.com\/wp_themes4\/autoride\/mark-webster\/\">GEORGE SASIN<\/a><\/h4>\n                    <div class=\"theme-component-driver-list-item-position\">Driver<\/div>\n                    <div class=\"theme-component-driver-list-item-excerpt\"><p>The reason why I like working for Auto Ride is because of how well they treat their clients.<\/p>\n<\/div>\n                    <div class=\"theme-component-driver-list-item-social-profile\">\n            <ul class=\"theme-component-social-profile theme-component-social-profile-style-2 theme-clear-fix\">\n                \n            <li>\n                <a href=\"https:\/\/www.facebook.com\" class=\"theme-icon-social-facebook\" title=\"Facebook\" target=\"_blank\"><\/a>\n            <\/li>\n        \n            <\/ul>\n        <\/div>\n                <\/div>\n            [\/vc_column_inner][vc_column_inner width=\u00a0\u00bb1\/3&Prime;]\n                <div class=\"theme-component-driver-list-item\">\n                    <div class=\"theme-component-driver-list-item-image\"><a href=\"http:\/\/quanticalabs.com\/wp_themes4\/autoride\/mark-webster\/\"><img decoding=\"async\" src=\"https:\/\/www.travels-and-tours.com\/wp-content\/uploads\/sites\/8\/2019\/04\/driver_02.jpg\" alt=\"Image\" \/><\/a><\/div>\n                    <h4><a href=\"http:\/\/quanticalabs.com\/wp_themes4\/autoride\/mark-webster\/\">MARK WEBSTER<\/a><\/h4>\n                    <div class=\"theme-component-driver-list-item-position\">Driver<\/div>\n                    <div class=\"theme-component-driver-list-item-excerpt\"><p>I&rsquo;ve been working with George for 2 years because of his great customer service and the amenities he offers his clients.<\/p>\n<\/div>\n                    <div class=\"theme-component-driver-list-item-social-profile\">\n            <ul class=\"theme-component-social-profile theme-component-social-profile-style-2 theme-clear-fix\">\n                \n            <li>\n                <a href=\"https:\/\/dribbble.com\/\" class=\"theme-icon-social-dribbble\" title=\"Dribbble\" target=\"_blank\"><\/a>\n            <\/li>\n        \n            <li>\n                <a href=\"https:\/\/www.youtube.com\/\" class=\"theme-icon-social-youtube\" title=\"Youtube\" target=\"_blank\"><\/a>\n            <\/li>\n        \n            <\/ul>\n        <\/div>\n                <\/div>\n            [\/vc_column_inner][vc_column_inner width=\u00a0\u00bb1\/3&Prime;]\n                <div class=\"theme-component-driver-list-item\">\n                    <div class=\"theme-component-driver-list-item-image\"><a href=\"http:\/\/quanticalabs.com\/wp_themes4\/autoride\/mark-webster\/\"><img decoding=\"async\" src=\"https:\/\/www.travels-and-tours.com\/wp-content\/uploads\/sites\/8\/2019\/04\/driver_03.jpg\" alt=\"Image\" \/><\/a><\/div>\n                    <h4><a href=\"http:\/\/quanticalabs.com\/wp_themes4\/autoride\/mark-webster\/\">AARON DOWSON<\/a><\/h4>\n                    <div class=\"theme-component-driver-list-item-position\">Driver<\/div>\n                    <div class=\"theme-component-driver-list-item-excerpt\"><p>A wedding and special occasion driver because of his promptness and reliability. Driver with Auto Ride for 2 years.<\/p>\n<\/div>\n                    <div class=\"theme-component-driver-list-item-social-profile\">\n            <ul class=\"theme-component-social-profile theme-component-social-profile-style-2 theme-clear-fix\">\n                \n            <li>\n                <a href=\"https:\/\/www.linkedin.com\/\" class=\"theme-icon-social-linkedin\" title=\"Linkedin\" target=\"_blank\"><\/a>\n            <\/li>\n        \n            <li>\n                <a href=\"https:\/\/www.reddit.com\/\" class=\"theme-icon-social-reddit\" title=\"Reddit\" target=\"_blank\"><\/a>\n            <\/li>\n        \n            <\/ul>\n        <\/div>\n                <\/div>\n            [\/vc_column_inner][\/vc_row_inner]\n                <\/div>\n            \r\n            <div class=\"theme-component-button theme-component-button-style-3 aligncenter\">\r\n                <a href=\"http:\/\/quanticalabs.com\/wp_themes4\/autoride\/meet-our-drivers\/\" target=\"_self\">\r\n                    Meet Our Drivers\r\n                <\/a>\r\n            <\/div>\r\n        [\/vc_column][\/vc_row]<\/p>\n<\/div>","protected":false},"excerpt":{"rendered":"<p>[vc_row full_width=\u00a0\u00bbstretch_row_content_no_spaces\u00a0\u00bb el_class=\u00a0\u00bbtheme-overflow-hidden\u00a0\u00bb][vc_column el_class=\u00a0\u00bbtheme-margin-bottom-0&Prime;][rev_slider slidertitle=\u00a0\u00bbSlider-accueil-FR\u00a0\u00bb alias=\u00a0\u00bbslider-home-2&Prime;][\/vc_column][\/vc_row][vc_row el_class=\u00a0\u00bbtheme-margin-top-100&Prime;][vc_column][\/vc_column][\/vc_row][vc_row full_width=\u00a0\u00bbstretch_row\u00a0\u00bb el_class=\u00a0\u00bbtheme-margin-bottom-30&Prime;][vc_column][vc_single_image image=\u00a0\u00bb12407&Prime; img_size=\u00a0\u00bbfull\u00a0\u00bb el_class=\u00a0\u00bbtheme-image-style-3&Prime;][vc_single_image image=\u00a0\u00bb12359&Prime; img_size=\u00a0\u00bbfull\u00a0\u00bb el_class=\u00a0\u00bbtheme-image-style-3&Prime;][\/vc_column][\/vc_row][vc_row el_class=\u00a0\u00bbtheme-margin-bottom-40&Prime;][vc_column][\/vc_column][\/vc_row][vc_row full_width=\u00a0\u00bbstretch_row_content_no_spaces\u00a0\u00bb equal_height=\u00a0\u00bbyes\u00a0\u00bb][vc_column width=\u00a0\u00bb1\/2&Prime; css=\u00a0\u00bb.vc_custom_1620391780587{background-image: url(https:\/\/www.alpine-locomotion.com\/wp-content\/uploads\/sites\/8\/2021\/05\/image_03.jpg?id=12369) !important;}\u00a0\u00bb][vc_single_image image=\u00a0\u00bb12387&Prime; img_size=\u00a0\u00bbfull\u00a0\u00bb alignment=\u00a0\u00bbcenter\u00a0\u00bb][\/vc_column][vc_column width=\u00a0\u00bb1\/2&Prime; el_class=\u00a0\u00bbtheme-column-style-1 theme-background-color-12&Prime;][vc_custom_heading text=\u00a0\u00bbDes chauffeurs et leurs v\u00e9hicules bas\u00e9s sur les bords du Lac L\u00e9man et \u00e0 Bordeaux\u00a0\u00bb font_container=\u00a0\u00bbtag:h3|text_align:left\u00a0\u00bb use_theme_fonts=\u00a0\u00bbyes\u00a0\u00bb][vc_column_text]Depuis sa cr\u00e9ation \u00e0 Bordeaux en 2015, l&rsquo;entreprise a \u00e9tendu son [&#8230;]<\/p>\n","protected":false},"author":1,"featured_media":0,"parent":0,"menu_order":0,"comment_status":"closed","ping_status":"closed","template":"","meta":{"footnotes":""},"class_list":["post-11055","page","type-page","status-publish","hentry"],"_links":{"self":[{"href":"https:\/\/www.travels-and-tours.com\/fr\/wp-json\/wp\/v2\/pages\/11055","targetHints":{"allow":["GET"]}}],"collection":[{"href":"https:\/\/www.travels-and-tours.com\/fr\/wp-json\/wp\/v2\/pages"}],"about":[{"href":"https:\/\/www.travels-and-tours.com\/fr\/wp-json\/wp\/v2\/types\/page"}],"author":[{"embeddable":true,"href":"https:\/\/www.travels-and-tours.com\/fr\/wp-json\/wp\/v2\/users\/1"}],"replies":[{"embeddable":true,"href":"https:\/\/www.travels-and-tours.com\/fr\/wp-json\/wp\/v2\/comments?post=11055"}],"version-history":[{"count":32,"href":"https:\/\/www.travels-and-tours.com\/fr\/wp-json\/wp\/v2\/pages\/11055\/revisions"}],"predecessor-version":[{"id":13210,"href":"https:\/\/www.travels-and-tours.com\/fr\/wp-json\/wp\/v2\/pages\/11055\/revisions\/13210"}],"wp:attachment":[{"href":"https:\/\/www.travels-and-tours.com\/fr\/wp-json\/wp\/v2\/media?parent=11055"}],"curies":[{"name":"wp","href":"https:\/\/api.w.org\/{rel}","templated":true}]}}