{"id":11937,"date":"2021-02-11T19:03:23","date_gmt":"2021-02-11T18:03:23","guid":{"rendered":"https:\/\/www.alpine-locomotion.com\/?page_id=11937"},"modified":"2023-11-24T23:41:28","modified_gmt":"2023-11-24T22:41:28","slug":"transferts-aeroport","status":"publish","type":"page","link":"https:\/\/www.travels-and-tours.com\/fr\/transferts-aeroport\/","title":{"rendered":"Transferts A\u00e9roport"},"content":{"rendered":"<div class=\"wpb-content-wrapper\"><p>[vc_row][vc_column width=\u00a0\u00bb1\/3&Prime;][vc_single_image image=\u00a0\u00bb11945&Prime; img_size=\u00a0\u00bbfull\u00a0\u00bb][\/vc_column][vc_column width=\u00a0\u00bb2\/3&Prime;]\r\n            <p class=\"theme-component-paragraph-large theme-component-paragraph-large-style-2 alignleft theme-padding-top-0 theme-padding-bottom-0\">\r\n                Pour que vos transferts a\u00e9roport ou gare soient synonymes de plaisir, de confort et de calme et ne se transforment pas en aventure.\r\n            <\/p>\r\n        [vc_column_text el_class=\u00a0\u00bbtheme-padding-top-30&Prime;]<\/p>\n<p style=\"text-align: justify;\">Nos chauffeurs et partenaires, professionnels exp\u00e9riment\u00e9s, sauront transformer vos trajets en moments de d\u00e9tente, et c&rsquo;est serein et d\u00e9tendu que vous pourrez continuer votre journ\u00e9e. Les transports qui ressemblent \u00e0 une aventure ne font pas partie de notre offre. Vous pouvez nous confier vos trajets, pour ne plus avoir \u00e0 vous en soucier, m\u00eame en cas d&rsquo;impr\u00e9vu.<\/p>\n<p>[\/vc_column_text][\/vc_column][\/vc_row][vc_row el_class=\u00a0\u00bbtheme-margin-top-20&Prime;][vc_column width=\u00a0\u00bb2\/3&Prime;]\r\n            <p class=\"theme-component-paragraph-large theme-component-paragraph-large-style-2 alignleft theme-padding-top-0 theme-padding-bottom-0\">\r\n                Transferts depuis les gares ou a\u00e9roports (Arriv\u00e9e)\r\n            <\/p>\r\n        [vc_column_text el_class=\u00a0\u00bbtheme-padding-top-30&Prime;]<\/p>\n<p style=\"text-align: justify;\">Votre chauffeur est d\u00e9j\u00e0 \u00e0 l&rsquo;a\u00e9roport ou \u00e0 la gare, 15mn avant que votre avion ou votre train n&rsquo;arrive. \u00c0 l&rsquo;a\u00e9roport, votre chauffeur vous attend \u00e0 la sortie de la zone de retrait des bagages. Dans les gares dont les quais ont une unique sortie, votre chauffeur vous attend en bout de quai, sinon il vous attend en un lieu convenu \u00e0 l&rsquo;avance avec vous.<\/p>\n<p style=\"text-align: justify;\">Votre chauffeur vous attendra avec une tablette indiquant votre nom, ainsi vous pouvez l&rsquo;identifier facilement, son nom et son t\u00e9l\u00e9phone vous auront \u00e9t\u00e9 indiqu\u00e9s lors de la r\u00e9servation.<\/p>\n<p>[\/vc_column_text][\/vc_column][vc_column width=\u00a0\u00bb1\/3&Prime;][vc_single_image image=\u00a0\u00bb11953&Prime; img_size=\u00a0\u00bbfull\u00a0\u00bb alignment=\u00a0\u00bbright\u00a0\u00bb][\/vc_column][\/vc_row][vc_row][vc_column width=\u00a0\u00bb1\/3&Prime;][vc_single_image image=\u00a0\u00bb11955&Prime; img_size=\u00a0\u00bbfull\u00a0\u00bb][\/vc_column][vc_column width=\u00a0\u00bb2\/3&Prime;]\r\n            <p class=\"theme-component-paragraph-large theme-component-paragraph-large-style-2 alignleft theme-padding-top-0 theme-padding-bottom-0\">\r\n                Transferts vers les gares ou a\u00e9roports (D\u00e9part)\r\n            <\/p>\r\n        [vc_column_text el_class=\u00a0\u00bbtheme-padding-top-30&Prime;]<\/p>\n<p style=\"text-align: justify;\">Voyagez l&rsquo;esprit tranquille, votre chauffeur vous d\u00e9posera au plus pr\u00e8s de la porte d&#8217;embarquement de votre vol ou du quai d\u00e9di\u00e9 \u00e0 votre train.<\/p>\n<p style=\"text-align: left;\">Si nous estimons que l&rsquo;heure de prise en charge que vous avez indiqu\u00e9e lors de votre r\u00e9servation, inappropri\u00e9e pour rejoindre la gare ou l&rsquo;a\u00e9roport dans de bonne condition, nous nous permettrons de vous contacter, pour vous conseiller un meilleur horaire.<\/p>\n<p>[\/vc_column_text][\/vc_column][\/vc_row][vc_row el_class=\u00a0\u00bbtheme-column-style-6 theme-padding-bottom-0&Prime;][vc_column width=\u00a0\u00bb1\/2&Prime; el_class=\u00a0\u00bbtheme-margin-bottom-20&Prime;]<div class=\"theme-component-list theme-component-list-style-2\">\n<ul>\n<li>Chauffeurs Professionnels Exp\u00e9riment\u00e9s<\/li>\n<li>Transports 24h\/24 et 7j\/7<\/li>\n<li>Service Complet et Attentionn\u00e9<\/li>\n<\/ul>\n<\/div>[\/vc_column][vc_column width=\u00a0\u00bb1\/2&Prime; el_class=\u00a0\u00bbtheme-margin-bottom-20&Prime;]<div class=\"theme-component-list theme-component-list-style-2\">\n<ul>\n<li>Discr\u00e9tion et Confidentialit\u00e9 Absolues<\/li>\n<li>Ponctualit\u00e9 Irr\u00e9prochable<\/li>\n<li>Affili\u00e9 \u00e0 un R\u00e9seau National<\/li>\n<\/ul>\n<\/div>[\/vc_column][\/vc_row][vc_row][vc_column el_class=\u00a0\u00bbtheme-margin-bottom-0&Prime;][vc_custom_heading text=\u00a0\u00bbLes avantages \u00e0 r\u00e9server avec nous\u00a0\u00bb font_container=\u00a0\u00bbtag:h3|text_align:center\u00a0\u00bb use_theme_fonts=\u00a0\u00bbyes\u00a0\u00bb el_class=\u00a0\u00bbtheme-margin-top-60 theme-margin-bottom-50&Prime;][\/vc_column][\/vc_row][vc_row][vc_column el_class=\u00a0\u00bbtheme-margin-bottom-0&Prime;]\n            <div class=\"theme-component-feature theme-component-feature-style-1\">\n                [vc_row_inner][vc_column_inner width=\u00a0\u00bb1\/3&Prime;]\r\n            <div class=\"theme-component-feature-item\">\r\n                <span class=\"theme-icon-feature-certificate theme-component-feature-item-icon\"><span><\/span><\/span>\r\n                <h4 class=\"theme-component-feature-item-header\">Chauffeurs Professionnels<\/h4><p>Des chauffeurs form\u00e9s aux exigences du m\u00e9tier et \u00e0 l&rsquo;\u00e9co-conduite, pour vous offrir confort et s\u00e9curit\u00e9.<\/p>\n\r\n            <\/div>\r\n        [\/vc_column_inner][vc_column_inner width=\u00a0\u00bb1\/3&Prime;]\r\n            <div class=\"theme-component-feature-item\">\r\n                <span class=\"theme-icon-feature-price theme-component-feature-item-icon\"><span><\/span><\/span>\r\n                <h4 class=\"theme-component-feature-item-header\">Tarifs \u00c9tudi\u00e9s<\/h4><p>Nous pouvons vous proposer le bon v\u00e9hicule au bon prix en fonction de votre budget.<\/p>\n\r\n            <\/div>\r\n        [\/vc_column_inner][vc_column_inner width=\u00a0\u00bb1\/3&Prime;]\r\n            <div class=\"theme-component-feature-item\">\r\n                <span class=\"theme-icon-feature-car-3 theme-component-feature-item-icon\"><span><\/span><\/span>\r\n                <h4 class=\"theme-component-feature-item-header\">Flotte \u00c9tendue<\/h4><p>Nous proposons une large gamme de v\u00e9hicules, notamment des berlines, des vans et des berlines luxe.<\/p>\n\r\n            <\/div>\r\n        [\/vc_column_inner][\/vc_row_inner]\n            <\/div>\n        [\/vc_column][\/vc_row][vc_row el_class=\u00a0\u00bbtheme-margin-top-20&Prime;][vc_column el_class=\u00a0\u00bbtheme-margin-bottom-0&Prime;]\n            <div class=\"theme-component-feature theme-component-feature-style-1\">\n                [vc_row_inner][vc_column_inner width=\u00a0\u00bb1\/3&Prime;]\r\n            <div class=\"theme-component-feature-item\">\r\n                <span class=\"theme-icon-feature-bag-1 theme-component-feature-item-icon\"><span><\/span><\/span>\r\n                <h4 class=\"theme-component-feature-item-header\">Aide pour les Bagages<\/h4><p>Nos chauffeurs vous aident avec vos bagages et se chargent de les installer dans le v\u00e9hicule.<\/p>\n\r\n            <\/div>\r\n        [\/vc_column_inner][vc_column_inner width=\u00a0\u00bb1\/3&Prime;]\r\n            <div class=\"theme-component-feature-item\">\r\n                <span class=\"theme-icon-feature-car-check theme-component-feature-item-icon\"><span><\/span><\/span>\r\n                <h4 class=\"theme-component-feature-item-header\">V\u00e9hicules S\u00fbrs<\/h4><p>Des v\u00e9hicules parfaitement entretenus, subissant un contr\u00f4le technique complet tous les ans.<\/p>\n\r\n            <\/div>\r\n        [\/vc_column_inner][vc_column_inner width=\u00a0\u00bb1\/3&Prime;]\r\n            <div class=\"theme-component-feature-item\">\r\n                <span class=\"theme-icon-feature-award theme-component-feature-item-icon\"><span><\/span><\/span>\r\n                <h4 class=\"theme-component-feature-item-header\">Service Sur-mesure<\/h4><p>Des demandes sp\u00e9cifiques ? Nous ferons le maximum pour satisfaire vos attentes.<\/p>\n\r\n            <\/div>\r\n        [\/vc_column_inner][\/vc_row_inner]\n            <\/div>\n        [\/vc_column][\/vc_row]<\/p>\n<\/div>","protected":false},"excerpt":{"rendered":"<p>[vc_row][vc_column width=\u00a0\u00bb1\/3&Prime;][vc_single_image image=\u00a0\u00bb11945&Prime; img_size=\u00a0\u00bbfull\u00a0\u00bb][\/vc_column][vc_column width=\u00a0\u00bb2\/3&Prime;][vc_column_text el_class=\u00a0\u00bbtheme-padding-top-30&Prime;] Nos chauffeurs et partenaires, professionnels exp\u00e9riment\u00e9s, sauront transformer vos trajets en moments de d\u00e9tente, et c&rsquo;est serein et d\u00e9tendu que vous pourrez continuer votre journ\u00e9e. Les transports qui ressemblent \u00e0 une aventure ne font pas partie de notre offre. Vous pouvez nous confier vos trajets, pour ne plus avoir [&#8230;]<\/p>\n","protected":false},"author":1,"featured_media":0,"parent":0,"menu_order":0,"comment_status":"closed","ping_status":"closed","template":"","meta":{"footnotes":""},"class_list":["post-11937","page","type-page","status-publish","hentry"],"_links":{"self":[{"href":"https:\/\/www.travels-and-tours.com\/fr\/wp-json\/wp\/v2\/pages\/11937","targetHints":{"allow":["GET"]}}],"collection":[{"href":"https:\/\/www.travels-and-tours.com\/fr\/wp-json\/wp\/v2\/pages"}],"about":[{"href":"https:\/\/www.travels-and-tours.com\/fr\/wp-json\/wp\/v2\/types\/page"}],"author":[{"embeddable":true,"href":"https:\/\/www.travels-and-tours.com\/fr\/wp-json\/wp\/v2\/users\/1"}],"replies":[{"embeddable":true,"href":"https:\/\/www.travels-and-tours.com\/fr\/wp-json\/wp\/v2\/comments?post=11937"}],"version-history":[{"count":40,"href":"https:\/\/www.travels-and-tours.com\/fr\/wp-json\/wp\/v2\/pages\/11937\/revisions"}],"predecessor-version":[{"id":13168,"href":"https:\/\/www.travels-and-tours.com\/fr\/wp-json\/wp\/v2\/pages\/11937\/revisions\/13168"}],"wp:attachment":[{"href":"https:\/\/www.travels-and-tours.com\/fr\/wp-json\/wp\/v2\/media?parent=11937"}],"curies":[{"name":"wp","href":"https:\/\/api.w.org\/{rel}","templated":true}]}}