{"id":12135,"date":"2021-03-22T17:19:18","date_gmt":"2021-03-22T16:19:18","guid":{"rendered":"https:\/\/www.alpine-locomotion.com\/?page_id=12135"},"modified":"2023-11-27T16:23:43","modified_gmt":"2023-11-27T15:23:43","slug":"nous-contacter","status":"publish","type":"page","link":"https:\/\/www.travels-and-tours.com\/fr\/nous-contacter\/","title":{"rendered":"Nous Contacter"},"content":{"rendered":"<div class=\"wpb-content-wrapper\"><p>[vc_row full_width=\u00a0\u00bbstretch_row\u00a0\u00bb css=\u00a0\u00bb.vc_custom_1576653427834{border-bottom-width: 1px !important;border-bottom-color: #eaecee !important;border-bottom-style: solid !important;}\u00a0\u00bb el_class=\u00a0\u00bbtheme-column-style-2 theme-padding-bottom-60&Prime;][vc_column el_class=\u00a0\u00bbtheme-margin-bottom-0&Prime;][vc_custom_heading text=\u00a0\u00bbNotre site\u00a0\u00bb font_container=\u00a0\u00bbtag:h3|text_align:left\u00a0\u00bb use_theme_fonts=\u00a0\u00bbyes\u00a0\u00bb][vc_row_inner][vc_column_inner width=\u00a0\u00bb1\/4&Prime;]\n                <div class=\"theme-component-google-map theme-component-google-map-type-2\" data-type=\"2\" data-static_url_address=\"\" data-coordinate_lat=\"44.843276341814295\" data-coordinate_lng=\"-0.5742351830422319\" data-center_coordinate_lat=\"\" data-center_coordinate_lng=\"\" data-marker_url=\"https:\/\/www.travels-and-tours.com\/wp-content\/uploads\/sites\/8\/2021\/03\/pngegg-1-e1616430939991.png\" data-width=\"100%\" data-height=\"300\" data-draggable_enable=\"0\" data-scrollwheel_enable=\"0\" data-map_type_id=\"ROADMAP\" data-map_type_id_allow=\"ROADMAP,SATELLITE,HYBRID,TERRAIN\" data-map_type_control_enable=\"0\" data-map_type_control_style=\"DEFAULT\" data-map_type_control_position=\"TOP_CENTER\" data-zoom_control_enable=\"0\" data-zoom_level=\"11\" data-zoom_control_style=\"SMALL\" data-zoom_position=\"RIGHT_TOP\" data-pan_control_enable=\"0\" data-pan_control_position=\"TOP_CENTER\" data-scale_control_enable=\"0\" data-scale_control_position=\"TOP_CENTER\" data-street_view_enable=\"0\" data-street_view_position=\"TOP_CENTER\" data-style=\"[\n  {\n    &quot;elementType&quot;: &quot;geometry&quot;,\n    &quot;stylers&quot;: [\n      {\n        &quot;color&quot;: &quot;#f5f5f5&quot;\n      }\n    ]\n  },\n  {\n    &quot;elementType&quot;: &quot;labels.icon&quot;,\n    &quot;stylers&quot;: [\n      {\n        &quot;visibility&quot;: &quot;off&quot;\n      }\n    ]\n  },\n  {\n    &quot;elementType&quot;: &quot;labels.text.fill&quot;,\n    &quot;stylers&quot;: [\n      {\n        &quot;color&quot;: &quot;#616161&quot;\n      }\n    ]\n  },\n  {\n    &quot;elementType&quot;: &quot;labels.text.stroke&quot;,\n    &quot;stylers&quot;: [\n      {\n        &quot;color&quot;: &quot;#f5f5f5&quot;\n      }\n    ]\n  },\n  {\n    &quot;featureType&quot;: &quot;administrative.land_parcel&quot;,\n    &quot;elementType&quot;: &quot;labels.text.fill&quot;,\n    &quot;stylers&quot;: [\n      {\n        &quot;color&quot;: &quot;#bdbdbd&quot;\n      }\n    ]\n  },\n  {\n    &quot;featureType&quot;: &quot;poi&quot;,\n    &quot;elementType&quot;: &quot;geometry&quot;,\n    &quot;stylers&quot;: [\n      {\n        &quot;color&quot;: &quot;#eeeeee&quot;\n      }\n    ]\n  },\n  {\n    &quot;featureType&quot;: &quot;poi&quot;,\n    &quot;elementType&quot;: &quot;labels.text.fill&quot;,\n    &quot;stylers&quot;: [\n      {\n        &quot;color&quot;: &quot;#757575&quot;\n      }\n    ]\n  },\n  {\n    &quot;featureType&quot;: &quot;poi.park&quot;,\n    &quot;elementType&quot;: &quot;geometry&quot;,\n    &quot;stylers&quot;: [\n      {\n        &quot;color&quot;: &quot;#e5e5e5&quot;\n      }\n    ]\n  },\n  {\n    &quot;featureType&quot;: &quot;poi.park&quot;,\n    &quot;elementType&quot;: &quot;labels.text.fill&quot;,\n    &quot;stylers&quot;: [\n      {\n        &quot;color&quot;: &quot;#9e9e9e&quot;\n      }\n    ]\n  },\n  {\n    &quot;featureType&quot;: &quot;road&quot;,\n    &quot;elementType&quot;: &quot;geometry&quot;,\n    &quot;stylers&quot;: [\n      {\n        &quot;color&quot;: &quot;#ffffff&quot;\n      }\n    ]\n  },\n  {\n    &quot;featureType&quot;: &quot;road.arterial&quot;,\n    &quot;elementType&quot;: &quot;labels.text.fill&quot;,\n    &quot;stylers&quot;: [\n      {\n        &quot;color&quot;: &quot;#757575&quot;\n      }\n    ]\n  },\n  {\n    &quot;featureType&quot;: &quot;road.highway&quot;,\n    &quot;elementType&quot;: &quot;geometry&quot;,\n    &quot;stylers&quot;: [\n      {\n        &quot;color&quot;: &quot;#dadada&quot;\n      }\n    ]\n  },\n  {\n    &quot;featureType&quot;: &quot;road.highway&quot;,\n    &quot;elementType&quot;: &quot;labels.text.fill&quot;,\n    &quot;stylers&quot;: [\n      {\n        &quot;color&quot;: &quot;#616161&quot;\n      }\n    ]\n  },\n  {\n    &quot;featureType&quot;: &quot;road.local&quot;,\n    &quot;elementType&quot;: &quot;labels.text.fill&quot;,\n    &quot;stylers&quot;: [\n      {\n        &quot;color&quot;: &quot;#9e9e9e&quot;\n      }\n    ]\n  },\n  {\n    &quot;featureType&quot;: &quot;transit.line&quot;,\n    &quot;elementType&quot;: &quot;geometry&quot;,\n    &quot;stylers&quot;: [\n      {\n        &quot;color&quot;: &quot;#e5e5e5&quot;\n      }\n    ]\n  },\n  {\n    &quot;featureType&quot;: &quot;transit.station&quot;,\n    &quot;elementType&quot;: &quot;geometry&quot;,\n    &quot;stylers&quot;: [\n      {\n        &quot;color&quot;: &quot;#eeeeee&quot;\n      }\n    ]\n  },\n  {\n    &quot;featureType&quot;: &quot;water&quot;,\n    &quot;elementType&quot;: &quot;geometry&quot;,\n    &quot;stylers&quot;: [\n      {\n        &quot;color&quot;: &quot;#c9c9c9&quot;\n      }\n    ]\n  },\n  {\n    &quot;featureType&quot;: &quot;water&quot;,\n    &quot;elementType&quot;: &quot;labels.text.fill&quot;,\n    &quot;stylers&quot;: [\n      {\n        &quot;color&quot;: &quot;#9e9e9e&quot;\n      }\n    ]\n  }\n]\" data-box_enable=\"0\" data-box_header=\"\" data-box_subheader=\"\" data-box_button_label=\"Agrandir\" data-box_button_url_address=\"https:\/\/www.google.fr\/maps\/place\/Place+de+la+Com\u00e9die,+33000+Bordeaux\/@44.7792925,-0.5227826,11.2z\/data=!4m13!1m7!3m6!1s0xd5527da5c674b0d:0x9c9e6c577486e347!2sPlace+de+la+Com\u00e9die,+33000+Bordeaux!3b1!8m2!3d44.842625!4d-0.5743114!3m4!1s0xd5527da5c674b0d:0x9c9e6c577486e347!8m2!3d44.842625!4d-0.5743114\">\n                    <div class=\"theme-component-google-map-map\">\n                        <div id=\"theme_google_map_803C7F4AD3177814729818661154A8E0\"><\/div>\n                        \n                    <div class=\"theme-component-google-map-map-box\">\n                        <a href=\"https:\/\/www.google.fr\/maps\/place\/Place+de+la+Com\u00e9die,+33000+Bordeaux\/@44.7792925,-0.5227826,11.2z\/data=!4m13!1m7!3m6!1s0xd5527da5c674b0d:0x9c9e6c577486e347!2sPlace+de+la+Com\u00e9die,+33000+Bordeaux!3b1!8m2!3d44.842625!4d-0.5743114!3m4!1s0xd5527da5c674b0d:0x9c9e6c577486e347!8m2!3d44.842625!4d-0.5743114\" target=\"blank\"><span class=\"theme-icon-meta-search\"><\/span>&nbsp;Agrandir<\/a>\n                    <\/div>\n                \n                    <\/div>\n                    \n                    <script type=\"text\/javascript\">\n                        if(typeof(googleMapStyle)=='undefined') var googleMapStyle=[];\n                        googleMapStyle['theme_google_map_803C7F4AD3177814729818661154A8E0']=[\n  {\n    \"elementType\": \"geometry\",\n    \"stylers\": [\n      {\n        \"color\": \"#f5f5f5\"\n      }\n    ]\n  },\n  {\n    \"elementType\": \"labels.icon\",\n    \"stylers\": [\n      {\n        \"visibility\": \"off\"\n      }\n    ]\n  },\n  {\n    \"elementType\": \"labels.text.fill\",\n    \"stylers\": [\n      {\n        \"color\": \"#616161\"\n      }\n    ]\n  },\n  {\n    \"elementType\": \"labels.text.stroke\",\n    \"stylers\": [\n      {\n        \"color\": \"#f5f5f5\"\n      }\n    ]\n  },\n  {\n    \"featureType\": \"administrative.land_parcel\",\n    \"elementType\": \"labels.text.fill\",\n    \"stylers\": [\n      {\n        \"color\": \"#bdbdbd\"\n      }\n    ]\n  },\n  {\n    \"featureType\": \"poi\",\n    \"elementType\": \"geometry\",\n    \"stylers\": [\n      {\n        \"color\": \"#eeeeee\"\n      }\n    ]\n  },\n  {\n    \"featureType\": \"poi\",\n    \"elementType\": \"labels.text.fill\",\n    \"stylers\": [\n      {\n        \"color\": \"#757575\"\n      }\n    ]\n  },\n  {\n    \"featureType\": \"poi.park\",\n    \"elementType\": \"geometry\",\n    \"stylers\": [\n      {\n        \"color\": \"#e5e5e5\"\n      }\n    ]\n  },\n  {\n    \"featureType\": \"poi.park\",\n    \"elementType\": \"labels.text.fill\",\n    \"stylers\": [\n      {\n        \"color\": \"#9e9e9e\"\n      }\n    ]\n  },\n  {\n    \"featureType\": \"road\",\n    \"elementType\": \"geometry\",\n    \"stylers\": [\n      {\n        \"color\": \"#ffffff\"\n      }\n    ]\n  },\n  {\n    \"featureType\": \"road.arterial\",\n    \"elementType\": \"labels.text.fill\",\n    \"stylers\": [\n      {\n        \"color\": \"#757575\"\n      }\n    ]\n  },\n  {\n    \"featureType\": \"road.highway\",\n    \"elementType\": \"geometry\",\n    \"stylers\": [\n      {\n        \"color\": \"#dadada\"\n      }\n    ]\n  },\n  {\n    \"featureType\": \"road.highway\",\n    \"elementType\": \"labels.text.fill\",\n    \"stylers\": [\n      {\n        \"color\": \"#616161\"\n      }\n    ]\n  },\n  {\n    \"featureType\": \"road.local\",\n    \"elementType\": \"labels.text.fill\",\n    \"stylers\": [\n      {\n        \"color\": \"#9e9e9e\"\n      }\n    ]\n  },\n  {\n    \"featureType\": \"transit.line\",\n    \"elementType\": \"geometry\",\n    \"stylers\": [\n      {\n        \"color\": \"#e5e5e5\"\n      }\n    ]\n  },\n  {\n    \"featureType\": \"transit.station\",\n    \"elementType\": \"geometry\",\n    \"stylers\": [\n      {\n        \"color\": \"#eeeeee\"\n      }\n    ]\n  },\n  {\n    \"featureType\": \"water\",\n    \"elementType\": \"geometry\",\n    \"stylers\": [\n      {\n        \"color\": \"#c9c9c9\"\n      }\n    ]\n  },\n  {\n    \"featureType\": \"water\",\n    \"elementType\": \"labels.text.fill\",\n    \"stylers\": [\n      {\n        \"color\": \"#9e9e9e\"\n      }\n    ]\n  }\n];\n                    <\/script>\n                <\/div>\n            [\/vc_column_inner][vc_column_inner width=\u00a0\u00bb1\/4&Prime;][vc_custom_heading text=\u00a0\u00bbBordeaux\u00a0\u00bb font_container=\u00a0\u00bbtag:h4|text_align:left\u00a0\u00bb use_theme_fonts=\u00a0\u00bbyes\u00a0\u00bb][vc_column_text]Place de La com\u00e9die<br \/>\nBordeaux, FR 33000<\/p>\n<p>T\u00e9l\u00e9phone: +33 (0)6 23 01 33 21<\/p>\n<p>E-mail:<\/p>\n<p><a href=\"mailto:contact@aquitaine-limousine.com\">contact@aquitaine-limousine.com<\/a>[\/vc_column_text][\/vc_column_inner][\/vc_row_inner][\/vc_column][\/vc_row][vc_row el_class=\u00a0\u00bbtheme-column-style-2&Prime;][vc_column el_class=\u00a0\u00bbtheme-margin-bottom-0&Prime;]\r\n            <p class=\"theme-component-paragraph-large theme-component-paragraph-large-style-2 aligncenter theme-margin-bottom-60\">\r\n                Besoin d&rsquo;un chauffeur priv\u00e9, envie d&rsquo;un circuit touristique ?<br \/>\nRemplissez le formulaire ci-dessous avec vos questions ou vos commentaires\r\n            <\/p>\r\n        [vc_row][vc_column el_class=\"theme-margin-bottom-0\"]\n<div class=\"wpcf7 no-js\" id=\"wpcf7-f12151-o1\" lang=\"fr-FR\" dir=\"ltr\" data-wpcf7-id=\"12151\">\n<div class=\"screen-reader-response\"><p role=\"status\" aria-live=\"polite\" aria-atomic=\"true\"><\/p> <ul><\/ul><\/div>\n<form action=\"\/fr\/wp-json\/wp\/v2\/pages\/12135#wpcf7-f12151-o1\" method=\"post\" class=\"wpcf7-form init\" aria-label=\"Formulaire de contact\" novalidate=\"novalidate\" data-status=\"init\">\n<fieldset class=\"hidden-fields-container\"><input type=\"hidden\" name=\"_wpcf7\" value=\"12151\" \/><input type=\"hidden\" name=\"_wpcf7_version\" value=\"6.1.5\" \/><input type=\"hidden\" name=\"_wpcf7_locale\" value=\"fr_FR\" \/><input type=\"hidden\" name=\"_wpcf7_unit_tag\" value=\"wpcf7-f12151-o1\" \/><input type=\"hidden\" name=\"_wpcf7_container_post\" value=\"0\" \/><input type=\"hidden\" name=\"_wpcf7_posted_data_hash\" value=\"\" \/><input type=\"hidden\" name=\"_wpcf7_recaptcha_response\" value=\"\" \/>\n<\/fieldset>\n<div class=\"theme-component-contact-form\">\n\t<div class=\"theme-form-column-1_2-right\">\n\t\t<div class=\"theme-form-field\">\n\t\t\t<p><label>Votre message<\/label><br \/>\n<span class=\"wpcf7-form-control-wrap\" data-name=\"message\"><textarea cols=\"40\" rows=\"10\" maxlength=\"2000\" class=\"wpcf7-form-control wpcf7-textarea\" aria-invalid=\"false\" name=\"message\"><\/textarea><\/span>\n\t\t\t<\/p>\n\t\t<\/div>\n\t<\/div>\n\t<div class=\"theme-form-column-1_2-left\">\n\t\t<div class=\"theme-form-field\">\n\t\t\t<p><label>Votre Nom *<\/label><br \/>\n<span class=\"wpcf7-form-control-wrap\" data-name=\"your-name\"><input size=\"40\" maxlength=\"400\" class=\"wpcf7-form-control wpcf7-text wpcf7-validates-as-required\" aria-required=\"true\" aria-invalid=\"false\" value=\"\" type=\"text\" name=\"your-name\" \/><\/span>\n\t\t\t<\/p>\n\t\t<\/div>\n\t<\/div>\n\t<div class=\"theme-form-column-1_2-left\">\n\t\t<div class=\"theme-form-field\">\n\t\t\t<p><label>Votre adresse e-mail *<\/label><br \/>\n<span class=\"wpcf7-form-control-wrap\" data-name=\"email-address\"><input size=\"40\" maxlength=\"400\" class=\"wpcf7-form-control wpcf7-email wpcf7-validates-as-required wpcf7-text wpcf7-validates-as-email\" aria-required=\"true\" aria-invalid=\"false\" value=\"\" type=\"email\" name=\"email-address\" \/><\/span>\n\t\t\t<\/p>\n\t\t<\/div>\n\t<\/div>\n\t<div class=\"theme-form-column-1_2-left\">\n\t\t<div class=\"theme-form-field\">\n\t\t\t<p><label>Votre t\u00e9l\u00e9phone (facultatif)<\/label><br \/>\n<span class=\"wpcf7-form-control-wrap\" data-name=\"phone-number\"><input size=\"40\" maxlength=\"400\" class=\"wpcf7-form-control wpcf7-text\" aria-invalid=\"false\" value=\"\" type=\"text\" name=\"phone-number\" \/><\/span>\n\t\t\t<\/p>\n\t\t<\/div>\n\t<\/div>\n\t<div class=\"theme-form-column-1_1\">\n\t\t<p><input class=\"wpcf7-form-control wpcf7-submit has-spinner\" type=\"submit\" value=\"Envoyer\" \/>\n\t\t<\/p>\n\t<\/div>\n<\/div><div class=\"wpcf7-response-output\" aria-hidden=\"true\"><\/div>\n<\/form>\n<\/div>\n[\/vc_column][\/vc_row][\/vc_column][\/vc_row]<\/p>\n<\/div>","protected":false},"excerpt":{"rendered":"<p>[vc_row full_width=\u00a0\u00bbstretch_row\u00a0\u00bb css=\u00a0\u00bb.vc_custom_1576653427834{border-bottom-width: 1px !important;border-bottom-color: #eaecee !important;border-bottom-style: solid !important;}\u00a0\u00bb el_class=\u00a0\u00bbtheme-column-style-2 theme-padding-bottom-60&Prime;][vc_column el_class=\u00a0\u00bbtheme-margin-bottom-0&Prime;][vc_custom_heading text=\u00a0\u00bbNotre site\u00a0\u00bb font_container=\u00a0\u00bbtag:h3|text_align:left\u00a0\u00bb use_theme_fonts=\u00a0\u00bbyes\u00a0\u00bb][vc_row_inner][vc_column_inner width=\u00a0\u00bb1\/4&Prime;][\/vc_column_inner][vc_column_inner width=\u00a0\u00bb1\/4&Prime;][vc_custom_heading text=\u00a0\u00bbBordeaux\u00a0\u00bb font_container=\u00a0\u00bbtag:h4|text_align:left\u00a0\u00bb use_theme_fonts=\u00a0\u00bbyes\u00a0\u00bb][vc_column_text]Place de La com\u00e9die Bordeaux, FR 33000 T\u00e9l\u00e9phone: +33 (0)6 23 01 33 21 E-mail: contact@aquitaine-limousine.com[\/vc_column_text][\/vc_column_inner][\/vc_row_inner][\/vc_column][\/vc_row][vc_row el_class=\u00a0\u00bbtheme-column-style-2&Prime;][vc_column el_class=\u00a0\u00bbtheme-margin-bottom-0&Prime;][\/vc_column][\/vc_row]<\/p>\n","protected":false},"author":1,"featured_media":0,"parent":0,"menu_order":0,"comment_status":"closed","ping_status":"closed","template":"","meta":{"footnotes":""},"class_list":["post-12135","page","type-page","status-publish","hentry"],"_links":{"self":[{"href":"https:\/\/www.travels-and-tours.com\/fr\/wp-json\/wp\/v2\/pages\/12135","targetHints":{"allow":["GET"]}}],"collection":[{"href":"https:\/\/www.travels-and-tours.com\/fr\/wp-json\/wp\/v2\/pages"}],"about":[{"href":"https:\/\/www.travels-and-tours.com\/fr\/wp-json\/wp\/v2\/types\/page"}],"author":[{"embeddable":true,"href":"https:\/\/www.travels-and-tours.com\/fr\/wp-json\/wp\/v2\/users\/1"}],"replies":[{"embeddable":true,"href":"https:\/\/www.travels-and-tours.com\/fr\/wp-json\/wp\/v2\/comments?post=12135"}],"version-history":[{"count":40,"href":"https:\/\/www.travels-and-tours.com\/fr\/wp-json\/wp\/v2\/pages\/12135\/revisions"}],"predecessor-version":[{"id":13173,"href":"https:\/\/www.travels-and-tours.com\/fr\/wp-json\/wp\/v2\/pages\/12135\/revisions\/13173"}],"wp:attachment":[{"href":"https:\/\/www.travels-and-tours.com\/fr\/wp-json\/wp\/v2\/media?parent=12135"}],"curies":[{"name":"wp","href":"https:\/\/api.w.org\/{rel}","templated":true}]}}