{"id":12849,"date":"2021-08-17T17:33:17","date_gmt":"2021-08-17T15:33:17","guid":{"rendered":"https:\/\/www.alpine-locomotion.com\/?page_id=12849"},"modified":"2021-08-18T11:31:58","modified_gmt":"2021-08-18T09:31:58","slug":"nos-offres-touristiques","status":"publish","type":"page","link":"https:\/\/www.travels-and-tours.com\/fr\/nos-offres-touristiques\/","title":{"rendered":"Nos offres touristiques"},"content":{"rendered":"<div class=\"wpb-content-wrapper\"><p>[vc_row][vc_column width=\u00a0\u00bb2\/3&Prime;][vc_column_text]<\/p>\n<h4 class=\"center-title\" style=\"text-align: center;\"><span style=\"color: #005da1;\">Partez \u00e0 la d\u00e9couverte des Ch\u00e2teaux du Bordelais, avec nos wine-tours cr\u00e9\u00e9s sur mesure pour vous, offrez-vous une escapade sur le \u00ab\u00a0Bassin\u00a0\u00bb et go\u00fbtez aux plaisirs iod\u00e9s, ou percez les secrets de la distillation du Cognac, ou encore adonnez-vous aux plaisirs de la table \u00e0 Sarlat.<\/span><\/h4>\n<p>[\/vc_column_text][\/vc_column][vc_column width=\u00a0\u00bb1\/3&Prime;][vc_raw_html]JTNDc2NyaXB0JTIwZGVmZXIlMjBhc3luYyUyMHNyYyUzRCUyN2h0dHBzJTNBJTJGJTJGY2RuLnRydXN0aW5kZXguaW8lMkZsb2FkZXIuanMlM0YwZTU0NTY5MzVlZTMyODg1MTU1YmIyYTA5MyUyNyUzRSUzQyUyRnNjcmlwdCUzRQ==[\/vc_raw_html][\/vc_column][\/vc_row][vc_row content_placement=\u00a0\u00bbmiddle\u00a0\u00bb][vc_column width=\u00a0\u00bb5\/6&Prime;][vc_column_text]\u00cates-vous un amateur de vin ou peut-\u00eatre un vrai connaisseur, collectionneur de bouteilles rares?<\/p>\n<p>Pourquoi ne nous demandez-vous pas une visite du vignoble bordelais?<br \/>\nVous d\u00e9couvrirez les secrets de la vinification. Vous pourrez comprendre pourquoi le ch\u00e2teau que vous aimez tant a un go\u00fbt et une rondeur si particuliers. Vous serez au milieu de ses vignes, vous sentirez son terroir, la relation entre le sol, la composition du terroir et la vigne.<br \/>\nEt apr\u00e8s vos visites et d\u00e9gustations, vous appr\u00e9cierez les subtilit\u00e9s, jusqu&rsquo;alors inconnues de votre verre de vin.<\/p>\n<p>Soyez pr\u00eat \u00e0 ne plus jamais boire et go\u00fbter un verre de vin de Bordeaux comme avant, et comme vous l&rsquo;avez fait jusqu&rsquo;\u00e0 votre visite.<\/p>\n<p>Nos visites \u0153nologiques sont personnalisables, nous pouvons planifier une visite du ch\u00e2teau que vous souhaitez, dans la mesure o\u00f9 ce ch\u00e2teau est ouvert aux visites et dispose de disponibilit\u00e9s.[\/vc_column_text][vc_column_text]<\/p>\n<h4 style=\"text-align: right;\">Nos offres touristiques sont propos\u00e9es sous notre marque d\u00e9pos\u00e9e \u00ab\u00a0<em>Bacchus Tours<\/em>\u00ab\u00a0<\/h4>\n<p>[\/vc_column_text][\/vc_column][vc_column width=\u00a0\u00bb1\/6&Prime;][vc_single_image image=\u00a0\u00bb11&Prime; alignment=\u00a0\u00bbcenter\u00a0\u00bb][\/vc_column][\/vc_row][vc_row][vc_column][vc_raw_html]JTNDcHJvZHVjdC1jYXRhbG9nLXdpZGdldCUyMHN0eWxlcy10ZW1wbGF0ZS1pZCUzRCUyMnByb2R1Y3QtY2F0YWxvZy13aWRnZXQtc3R5bGVzJTIyJTIwY3VzdG9tZXItY29kZSUzRCUyMkFRNDAlMjIlMjBsb2NhbGUlM0QlMjJmcl9GUiUyMiUyMGNhdGVnb3J5LWZpbHRlciUzRCUyMjE5ODE5JTIyJTIwZGlzYWJsZS1mZWF0dXJlcyUzRCUyMmNhdGVnb3J5LWZpbHRlciUyMiUzRSUzQyUyRnByb2R1Y3QtY2F0YWxvZy13aWRnZXQlM0UlM0NzY3JpcHQlMjB0eXBlJTNEJTIydGV4dCUyRmphdmFzY3JpcHQlMjIlMjBzcmMlM0QlMjJodHRwcyUzQSUyRiUyRndpZGdldHMucmVnaW9uZG8ubmV0JTJGY2F0YWxvZyUyRnYxJTJGY2F0YWxvZy13aWRnZXQubWluLmpzJTIyJTNFJTNDJTJGc2NyaXB0JTNF[\/vc_raw_html][\/vc_column][\/vc_row][vc_row][vc_column][vc_empty_space][\/vc_column][\/vc_row][vc_row][vc_column][vc_column_text]Voici quelques uns des Ch\u00e2teaux et domaines viticoles de Bordeaux, avec lesquels nous travaillons, pour l&rsquo;organisations de nos wine tours.<\/p>\n<h4>En M\u00e9doc et Sauterne :<\/h4>\n<p>Ch\u00e2teau Margaux, Ch\u00e2teau L\u00e9oville Poyferr\u00e9, Ch\u00e2teau Mouton Rothschild, Ch\u00e2teau Gruaud Larose, Ch\u00e2teau Lascombes, Ch\u00e2teau Pichon Longueville, Ch\u00e2teau Prieur\u00e9-Lichine, Ch\u00e2teau Pontet-Canet, Ch\u00e2teau Lynch-Bages, Ch\u00e2teau Yquem&#8230;<\/p>\n<h4>Autour de Saint-\u00c9milion :<\/h4>\n<p>Ch\u00e2teau Ang\u00e9lus, Ch\u00e2teau Beau S\u00e9jour B\u00e9cot, Ch\u00e2teau Beauregard, Ch\u00e2teau Canon, Ch\u00e2teau Coutet, Ch\u00e2teau De Ferrand, Ch\u00e2teau De La Dauphine, Ch\u00e2teau De Pressac, Ch\u00e2teau Faug\u00e8res, Ch\u00e2teau Figeac, Ch\u00e2teau Fombrauge, Ch\u00e2teau Franc Mayne, Ch\u00e2teau Grand Barrail Lamarzelle Figeac, Ch\u00e2teau La Croizille, Ch\u00e2teau La Dominique, Ch\u00e2teau La Gaffeli\u00e8re, Ch\u00e2teau Pavie, Ch\u00e2teau Rozier, Ch\u00e2teau Saint Georges, Ch\u00e2teau Siaurac, Ch\u00e2teau Soutard, Ch\u00e2teau Troplong Mondot&#8230;[\/vc_column_text][\/vc_column][\/vc_row]<\/p>\n<\/div>","protected":false},"excerpt":{"rendered":"<p>[vc_row][vc_column width=\u00a0\u00bb2\/3&Prime;][vc_column_text] Partez \u00e0 la d\u00e9couverte des Ch\u00e2teaux du Bordelais, avec nos wine-tours cr\u00e9\u00e9s sur mesure pour vous, offrez-vous une escapade sur le \u00ab\u00a0Bassin\u00a0\u00bb et go\u00fbtez aux plaisirs iod\u00e9s, ou percez les secrets de la distillation du Cognac, ou encore adonnez-vous aux plaisirs de la table \u00e0 Sarlat. [\/vc_column_text][\/vc_column][vc_column width=\u00a0\u00bb1\/3&Prime;][vc_raw_html]JTNDc2NyaXB0JTIwZGVmZXIlMjBhc3luYyUyMHNyYyUzRCUyN2h0dHBzJTNBJTJGJTJGY2RuLnRydXN0aW5kZXguaW8lMkZsb2FkZXIuanMlM0YwZTU0NTY5MzVlZTMyODg1MTU1YmIyYTA5MyUyNyUzRSUzQyUyRnNjcmlwdCUzRQ==[\/vc_raw_html][\/vc_column][\/vc_row][vc_row content_placement=\u00a0\u00bbmiddle\u00a0\u00bb][vc_column width=\u00a0\u00bb5\/6&Prime;][vc_column_text]\u00cates-vous un amateur de [&#8230;]<\/p>\n","protected":false},"author":1,"featured_media":0,"parent":0,"menu_order":0,"comment_status":"closed","ping_status":"closed","template":"page.php","meta":{"footnotes":""},"class_list":["post-12849","page","type-page","status-publish","hentry"],"_links":{"self":[{"href":"https:\/\/www.travels-and-tours.com\/fr\/wp-json\/wp\/v2\/pages\/12849","targetHints":{"allow":["GET"]}}],"collection":[{"href":"https:\/\/www.travels-and-tours.com\/fr\/wp-json\/wp\/v2\/pages"}],"about":[{"href":"https:\/\/www.travels-and-tours.com\/fr\/wp-json\/wp\/v2\/types\/page"}],"author":[{"embeddable":true,"href":"https:\/\/www.travels-and-tours.com\/fr\/wp-json\/wp\/v2\/users\/1"}],"replies":[{"embeddable":true,"href":"https:\/\/www.travels-and-tours.com\/fr\/wp-json\/wp\/v2\/comments?post=12849"}],"version-history":[{"count":8,"href":"https:\/\/www.travels-and-tours.com\/fr\/wp-json\/wp\/v2\/pages\/12849\/revisions"}],"predecessor-version":[{"id":12892,"href":"https:\/\/www.travels-and-tours.com\/fr\/wp-json\/wp\/v2\/pages\/12849\/revisions\/12892"}],"wp:attachment":[{"href":"https:\/\/www.travels-and-tours.com\/fr\/wp-json\/wp\/v2\/media?parent=12849"}],"curies":[{"name":"wp","href":"https:\/\/api.w.org\/{rel}","templated":true}]}}