{"id":12930,"date":"2021-12-15T11:36:42","date_gmt":"2021-12-15T10:36:42","guid":{"rendered":"https:\/\/www.alpine-locomotion.com\/?page_id=12930"},"modified":"2023-11-24T23:17:21","modified_gmt":"2023-11-24T22:17:21","slug":"transferts-bassin-arcachon-cote-atlantique","status":"publish","type":"page","link":"https:\/\/www.travels-and-tours.com\/fr\/transferts-bassin-arcachon-cote-atlantique\/","title":{"rendered":"Transferts Bassin d&rsquo;Arcachon et C\u00f4te Atlantique"},"content":{"rendered":"<div class=\"wpb-content-wrapper\"><p>[vc_row][vc_column width=\u00a0\u00bb1\/3&Prime;][vc_single_image image=\u00a0\u00bb13161&Prime; img_size=\u00a0\u00bbfull\u00a0\u00bb][\/vc_column][vc_column width=\u00a0\u00bb2\/3&Prime;]\r\n            <p class=\"theme-component-paragraph-large theme-component-paragraph-large-style-2 alignleft theme-padding-top-0 theme-padding-bottom-0\">\r\n                Pour bien d\u00e9buter vos vacances et ne pas avoir \u00e0 vous soucier des derniers kilom\u00e8tres pour arriver \u00e0 votre destination.\r\n            <\/p>\r\n        [vc_column_text el_class=\u00a0\u00bbtheme-padding-top-30&Prime;]<\/p>\n<p style=\"text-align: justify;\">Nos chauffeurs et partenaires, professionnels exp\u00e9riment\u00e9s, se feront un plaisir de vous conduire jusqu&rsquo;\u00e0 votre lieu de vacances, sur le Bassin d&rsquo;Arcachon, sur la c\u00f4te atlantique, Saint-Jean-de-Luz, Biarritz ou m\u00eame en Espagne. Laissez-nous vous conduire, vos vacances commencent ici. Profitez du paysage et du confort de nos diff\u00e9rents v\u00e9hicules, tous climatis\u00e9s et en finition luxe. Nos chauffeurs sont habitu\u00e9s aux conditions de circulation et sauront vous conseiller sur les choses \u00e0 voir dans la r\u00e9gion. Tous nos transferts sont des transferts priv\u00e9s, vous serez les uniques passagers, nous ne faisons pas de navettes group\u00e9es.<\/p>\n<p>[\/vc_column_text][\/vc_column][\/vc_row][vc_row el_class=\u00a0\u00bbtheme-margin-top-20&Prime;][vc_column width=\u00a0\u00bb2\/3&Prime;]\r\n            <p class=\"theme-component-paragraph-large theme-component-paragraph-large-style-2 alignleft theme-padding-top-0 theme-padding-bottom-0\">\r\n                Transferts depuis les gares ou a\u00e9roports vers le Bassin d&rsquo;Arcachon, la C\u00f4te Atlantique, la Dordogne&#8230; (Arriv\u00e9e)\r\n            <\/p>\r\n        [vc_column_text el_class=\u00a0\u00bbtheme-padding-top-30&Prime;]<\/p>\n<p style=\"text-align: justify;\">Votre chauffeur est d\u00e9j\u00e0 \u00e0 l&rsquo;a\u00e9roport ou \u00e0 la gare, 15mn avant que votre avion ou votre train n&rsquo;arrive. \u00c0 l&rsquo;a\u00e9roport, votre chauffeur vous attend \u00e0 la sortie de la zone de retrait des bagages. Dans les gares dont les quais ont une unique sortie, votre chauffeur vous attend en bout de quai, sinon il vous attend en un lieu convenu \u00e0 l&rsquo;avance avec vous.<\/p>\n<p style=\"text-align: justify;\">Votre chauffeur vous attendra avec une tablette indiquant votre nom, ainsi vous pouvez l&rsquo;identifier facilement, son nom et son t\u00e9l\u00e9phone vous auront \u00e9t\u00e9 indiqu\u00e9s lors de la r\u00e9servation.<\/p>\n<p>[\/vc_column_text][\/vc_column][vc_column width=\u00a0\u00bb1\/3&Prime;][vc_single_image image=\u00a0\u00bb13163&Prime; img_size=\u00a0\u00bbfull\u00a0\u00bb alignment=\u00a0\u00bbright\u00a0\u00bb][\/vc_column][\/vc_row][vc_row][vc_column width=\u00a0\u00bb1\/3&Prime;][vc_single_image image=\u00a0\u00bb13165&Prime; img_size=\u00a0\u00bbfull\u00a0\u00bb][\/vc_column][vc_column width=\u00a0\u00bb2\/3&Prime;]\r\n            <p class=\"theme-component-paragraph-large theme-component-paragraph-large-style-2 alignleft theme-padding-top-0 theme-padding-bottom-0\">\r\n                Transferts depuis la C\u00f4te Atlantique, la Dordogne vers les gares ou a\u00e9roports (D\u00e9part)\r\n            <\/p>\r\n        [vc_column_text el_class=\u00a0\u00bbtheme-padding-top-30&Prime;]<\/p>\n<p style=\"text-align: justify;\">C&rsquo;est l&rsquo;heure du retour ? Nous venons vous chercher n&rsquo;importe o\u00f9 en Nouvelle Aquitaine pour vous conduire dans les meilleures conditions \u00e0 la gare ou \u00e0 l&rsquo;a\u00e9roport. Fa\u00eetes confiance \u00e0 des professionnels et ne prenez pas le risque de mal terminer vos vacances, ou votre s\u00e9jour.<\/p>\n<p style=\"text-align: left;\">Si nous estimons que l&rsquo;heure de prise en charge que vous avez indiqu\u00e9e lors de votre r\u00e9servation, est inappropri\u00e9 pour rejoindre la gare ou l&rsquo;a\u00e9roport dans de bonne condition, nous nous permettrons de vous contacter, pour vous conseiller un meilleur horaire.<\/p>\n<p>[\/vc_column_text][\/vc_column][\/vc_row][vc_row el_class=\u00a0\u00bbtheme-column-style-6 theme-padding-bottom-0&Prime;][vc_column width=\u00a0\u00bb1\/2&Prime; el_class=\u00a0\u00bbtheme-margin-bottom-20&Prime;]<div class=\"theme-component-list theme-component-list-style-2\">\n<ul>\n<li>Chauffeurs Professionnels Exp\u00e9riment\u00e9s<\/li>\n<li>Transports 24h\/24 et 7j\/7<\/li>\n<li>Service Complet et Attentionn\u00e9<\/li>\n<li>V\u00e9hicules Premium<\/li>\n<\/ul>\n<\/div>[\/vc_column][vc_column width=\u00a0\u00bb1\/2&Prime; el_class=\u00a0\u00bbtheme-margin-bottom-20&Prime;]<div class=\"theme-component-list theme-component-list-style-2\">\n<ul>\n<li>Discr\u00e9tion et Confidentialit\u00e9 Absolues<\/li>\n<li>Ponctualit\u00e9 Irr\u00e9prochable<\/li>\n<li>Affili\u00e9 \u00e0 un R\u00e9seau National<\/li>\n<li>Affili\u00e9 \u00e0 un R\u00e9seau International<\/li>\n<\/ul>\n<\/div>[\/vc_column][\/vc_row][vc_row][vc_column el_class=\u00a0\u00bbtheme-margin-bottom-0&Prime;][vc_custom_heading text=\u00a0\u00bbTransferts vers\/depuis la C\u00f4te Atlantique, la Dordogne, l&rsquo;Espagne\u00a0\u00bb font_container=\u00a0\u00bbtag:h3|text_align:center\u00a0\u00bb use_theme_fonts=\u00a0\u00bbyes\u00a0\u00bb el_class=\u00a0\u00bbtheme-margin-top-60 theme-margin-bottom-50&Prime;][\/vc_column][\/vc_row][vc_row][vc_column el_class=\u00a0\u00bbtheme-margin-bottom-0&Prime;]\n            <div class=\"theme-component-feature theme-component-feature-style-1\">\n                [vc_row_inner][vc_column_inner width=\u00a0\u00bb1\/3&Prime;]\r\n            <div class=\"theme-component-feature-item\">\r\n                <span class=\"theme-icon-feature-certificate theme-component-feature-item-icon\"><span><\/span><\/span>\r\n                <h4 class=\"theme-component-feature-item-header\">Chauffeurs Professionnels<\/h4><p>Des chauffeurs habitu\u00e9s aux conditions de circulation de la r\u00e9gion, pour vous offrir confort et s\u00e9curit\u00e9.<\/p>\n\r\n            <\/div>\r\n        [\/vc_column_inner][vc_column_inner width=\u00a0\u00bb1\/3&Prime;]\r\n            <div class=\"theme-component-feature-item\">\r\n                <span class=\"theme-icon-feature-price theme-component-feature-item-icon\"><span><\/span><\/span>\r\n                <h4 class=\"theme-component-feature-item-header\">Tarifs \u00c9tudi\u00e9s<\/h4><p>Nous pouvons vous proposer le bon v\u00e9hicule au bon prix en fonction de votre budget.<\/p>\n\r\n            <\/div>\r\n        [\/vc_column_inner][vc_column_inner width=\u00a0\u00bb1\/3&Prime;]\r\n            <div class=\"theme-component-feature-item\">\r\n                <span class=\"theme-icon-feature-warning theme-component-feature-item-icon\"><span><\/span><\/span>\r\n                <h4 class=\"theme-component-feature-item-header\">V\u00e9hicules \u00c9quip\u00e9s<\/h4><p>Nos v\u00e9hicules sont \u00e9quip\u00e9s de la climatisation et de GPS avec info trafic.<\/p>\n\r\n            <\/div>\r\n        [\/vc_column_inner][\/vc_row_inner]\n            <\/div>\n        [\/vc_column][\/vc_row][vc_row el_class=\u00a0\u00bbtheme-margin-top-20&Prime;][vc_column el_class=\u00a0\u00bbtheme-margin-bottom-0&Prime;]\n            <div class=\"theme-component-feature theme-component-feature-style-1\">\n                [vc_row_inner][vc_column_inner width=\u00a0\u00bb1\/3&Prime;]\r\n            <div class=\"theme-component-feature-item\">\r\n                <span class=\"theme-icon-feature-bag-1 theme-component-feature-item-icon\"><span><\/span><\/span>\r\n                <h4 class=\"theme-component-feature-item-header\">Aide pour les Bagages<\/h4><p>Nos chauffeurs vous aident avec vos bagages et se chargent de les installer dans le v\u00e9hicule.<\/p>\n\r\n            <\/div>\r\n        [\/vc_column_inner][vc_column_inner width=\u00a0\u00bb1\/3&Prime;]\r\n            <div class=\"theme-component-feature-item\">\r\n                <span class=\"theme-icon-feature-car-check theme-component-feature-item-icon\"><span><\/span><\/span>\r\n                <h4 class=\"theme-component-feature-item-header\">V\u00e9hicules S\u00fbrs<\/h4><p>Des v\u00e9hicules parfaitement entretenus, subissant un contr\u00f4le technique complet tous les ans.<\/p>\n\r\n            <\/div>\r\n        [\/vc_column_inner][vc_column_inner width=\u00a0\u00bb1\/3&Prime;]\r\n            <div class=\"theme-component-feature-item\">\r\n                <span class=\"theme-icon-feature-location-1 theme-component-feature-item-icon\"><span><\/span><\/span>\r\n                <h4 class=\"theme-component-feature-item-header\">Service Sur-mesure<\/h4><p>Des demandes sp\u00e9cifiques ? Nous ferons le maximum pour satisfaire vos attentes.<\/p>\n\r\n            <\/div>\r\n        [\/vc_column_inner][\/vc_row_inner]\n            <\/div>\n        [\/vc_column][\/vc_row]<\/p>\n<\/div>","protected":false},"excerpt":{"rendered":"<p>[vc_row][vc_column width=\u00a0\u00bb1\/3&Prime;][vc_single_image image=\u00a0\u00bb13161&Prime; img_size=\u00a0\u00bbfull\u00a0\u00bb][\/vc_column][vc_column width=\u00a0\u00bb2\/3&Prime;][vc_column_text el_class=\u00a0\u00bbtheme-padding-top-30&Prime;] Nos chauffeurs et partenaires, professionnels exp\u00e9riment\u00e9s, se feront un plaisir de vous conduire jusqu&rsquo;\u00e0 votre lieu de vacances, sur le Bassin d&rsquo;Arcachon, sur la c\u00f4te atlantique, Saint-Jean-de-Luz, Biarritz ou m\u00eame en Espagne. Laissez-nous vous conduire, vos vacances commencent ici. Profitez du paysage et du confort de nos diff\u00e9rents v\u00e9hicules, [&#8230;]<\/p>\n","protected":false},"author":1,"featured_media":0,"parent":0,"menu_order":0,"comment_status":"closed","ping_status":"closed","template":"","meta":{"footnotes":""},"class_list":["post-12930","page","type-page","status-publish","hentry"],"_links":{"self":[{"href":"https:\/\/www.travels-and-tours.com\/fr\/wp-json\/wp\/v2\/pages\/12930","targetHints":{"allow":["GET"]}}],"collection":[{"href":"https:\/\/www.travels-and-tours.com\/fr\/wp-json\/wp\/v2\/pages"}],"about":[{"href":"https:\/\/www.travels-and-tours.com\/fr\/wp-json\/wp\/v2\/types\/page"}],"author":[{"embeddable":true,"href":"https:\/\/www.travels-and-tours.com\/fr\/wp-json\/wp\/v2\/users\/1"}],"replies":[{"embeddable":true,"href":"https:\/\/www.travels-and-tours.com\/fr\/wp-json\/wp\/v2\/comments?post=12930"}],"version-history":[{"count":15,"href":"https:\/\/www.travels-and-tours.com\/fr\/wp-json\/wp\/v2\/pages\/12930\/revisions"}],"predecessor-version":[{"id":13167,"href":"https:\/\/www.travels-and-tours.com\/fr\/wp-json\/wp\/v2\/pages\/12930\/revisions\/13167"}],"wp:attachment":[{"href":"https:\/\/www.travels-and-tours.com\/fr\/wp-json\/wp\/v2\/media?parent=12930"}],"curies":[{"name":"wp","href":"https:\/\/api.w.org\/{rel}","templated":true}]}}