{"id":17,"date":"2019-04-05T09:24:11","date_gmt":"2019-04-05T07:24:11","guid":{"rendered":"http:\/\/quanticalabs.com\/wp_themes4\/autoride\/?page_id=17"},"modified":"2021-08-18T15:11:18","modified_gmt":"2021-08-18T13:11:18","slug":"a-propos-de-nous","status":"publish","type":"page","link":"https:\/\/www.travels-and-tours.com\/fr\/a-propos-de-nous\/","title":{"rendered":"A Propos de Nous"},"content":{"rendered":"<div class=\"wpb-content-wrapper\"><p>[vc_row el_class=\u00a0\u00bbtheme-margin-bottom-50&Prime;][vc_column width=\u00a0\u00bb1\/2&Prime;]\r\n            <p class=\"theme-component-paragraph-large theme-component-paragraph-large-style-2 alignleft\">\r\n                Alpine Locomotion, c&rsquo;est l&rsquo;assurance d&rsquo;un service haut de gamme pour vos besoins en transport de personnes depuis ou vers les Alpes, en France et en Suisse.\r\n            <\/p>\r\n        [\/vc_column][vc_column width=\u00a0\u00bb1\/2&Prime;][vc_column_text]<\/p>\n<p style=\"text-align: justify;\">En offrant un service exceptionnel ne n\u00e9gligeant aucun d\u00e9tail, nous avons r\u00e9ussi \u00e0 faire que nos services de chauffeurs soient parmi les mieux not\u00e9s de la r\u00e9gion. Notre objectif est de faire de vos voyages des moments de calme et de s\u00e9r\u00e9nit\u00e9. Nous nous ferons un plaisir de g\u00e9rer vos d\u00e9placements pour que vous n&rsquo;ayez pas \u00e0 supporter l&rsquo;inqui\u00e9tude d&rsquo;\u00eatre en retard \u00e0 vos rendez-vous. Dites-nous quand et o\u00f9 vous devez aller et nous nous chargeons de l&rsquo;organisation. Ainsi vous n&rsquo;aurez \u00e0 vous pr\u00e9occuper\u00a0que du but de votre voyage, vos affaires ou votre plaisir.<\/p>\n<p>[\/vc_column_text][\/vc_column][\/vc_row][vc_row full_width=\u00a0\u00bbstretch_row\u00a0\u00bb el_class=\u00a0\u00bbtheme-background-color-7 theme-padding-top-100 theme-padding-bottom-20&Prime;][vc_column]\r\n            <div class=\"theme-component-header-subheader aligncenter\">\r\n                <div class=\"theme-component-header-subheader-subheader\">NOTRE ENGAGEMENT DE SERVICE<\/div>\r\n                <h2 class=\"theme-component-header-subheader-header\">Nos Comp\u00e9tences<\/h2>\r\n            <\/div>\r\n        \n            <div class=\"theme-component-feature-image-list\">\n                [vc_row_inner][vc_column_inner width=\u00a0\u00bb1\/2&Prime;]\r\n            <div class=\"theme-component-feature-image-list-item\">\r\n                <div class=\"theme-component-feature-image-list-item-image\">\r\n                    <img decoding=\"async\" src=\"https:\/\/www.travels-and-tours.com\/wp-content\/uploads\/sites\/8\/2021\/03\/Volant_Serie_7_590x275.jpg\" alt=\"Chauffeur premium BMW S\u00e9rie 7\">\r\n                    <span><span class=\"theme-icon-feature-car-check\"><\/span><\/span>\r\n                    <div><\/div>\r\n                <\/div>\r\n                <div class=\"theme-component-feature-image-list-item-content\"><h4>PROFESSIONALISME<\/h4><p>Notre personnel exp\u00e9riment\u00e9 et nos chauffeurs hautement professionnels s&rsquo;engagent \u00e0 fournir un transport s\u00fbr et fiable, un service client exceptionnel et des prix coh\u00e9rents. Chaque mission b\u00e9n\u00e9ficie de la m\u00eame attention apport\u00e9e aux d\u00e9tails. Le transport de personnes est notre m\u00e9tier, le service est notre passion.<\/p><\/div>\r\n            <\/div>\r\n        [\/vc_column_inner][vc_column_inner width=\u00a0\u00bb1\/2&Prime;]\r\n            <div class=\"theme-component-feature-image-list-item\">\r\n                <div class=\"theme-component-feature-image-list-item-image\">\r\n                    <img decoding=\"async\" src=\"https:\/\/www.travels-and-tours.com\/wp-content\/uploads\/sites\/8\/2021\/03\/Chauffeur-prive_590x275.jpg\" alt=\"Chauffeur priv\u00e9 et sa passag\u00e8re\">\r\n                    <span><span class=\"theme-icon-feature-compass\"><\/span><\/span>\r\n                    <div><\/div>\r\n                <\/div>\r\n                <div class=\"theme-component-feature-image-list-item-content\"><h4>ENGAGEMENT<\/h4><p>Nos services sont disponibles vingt-quatre heures sur vingt-quatre, sept jours sur sept. Vous nommez l\u2019occasion &#8211; nous rendrons le trajet impeccable. Que vous ayez besoin d&rsquo;un v\u00e9hicule avec chauffeur pour affaires ou pour le plaisir, pr\u00e8s de chez vous ou dans une nouvelle ville, nous sommes toujours l\u00e0.<\/p><\/div>\r\n            <\/div>\r\n        [\/vc_column_inner][\/vc_row_inner]\n            <\/div>\n        [\/vc_column][\/vc_row][vc_row full_width=\u00a0\u00bbstretch_row\u00a0\u00bb el_class=\u00a0\u00bbtheme-section-background-image-fixed\u00a0\u00bb css=\u00a0\u00bb.vc_custom_1616176538331{background-image: url(https:\/\/www.alpine-locomotion.com\/wp-content\/uploads\/sites\/8\/2019\/04\/MRT_0422-1-blackwhite.jpg?id=12090) !important;}\u00a0\u00bb][vc_column el_class=\u00a0\u00bbtheme-column-style-2 theme-padding-bottom-60&Prime;]\n            <div class=\"theme-component-call-to-action theme-component-call-to-action-style-1 aligncenter\">\n                <div class=\"theme-component-call-to-action-box\">\n                    <span class=\"theme-icon-feature-lighthouse theme-component-call-to-action-icon\"><span><\/span><\/span>\n                    <h4 class=\"theme-component-call-to-action-header\">VOTRE PROCHAIN VOYAGE AVEC NOUS ?<\/h4>\n                    <p class=\"theme-component-call-to-action-subheader\">Estimez votre voyage<br \/>\nR\u00e9servez-le en ligne<\/p>\n                    \r\n            <div class=\"theme-component-button theme-component-button-style-2 alignleft theme-component-call-to-action-button\">\r\n                <a href=\"https:\/\/www.alpine-locomotion.com\/fr\/reserver-un-chauffeur\/\" target=\"_self\">\r\n                    Estimation\r\n                <\/a>\r\n            <\/div>\r\n        \n                <\/div>\n            <\/div>\n        [\/vc_column][\/vc_row][vc_row el_class=\u00a0\u00bbtheme-column-style-2 theme-padding-bottom-60&Prime;][vc_column width=\u00a0\u00bb1\/2&Prime;][vc_custom_heading text=\u00a0\u00bbNos bureaux sont situ\u00e9s en France, sur les bords du Lac L\u00e9man\u00a0\u00bb font_container=\u00a0\u00bbtag:h3|text_align:left\u00a0\u00bb use_theme_fonts=\u00a0\u00bbyes\u00a0\u00bb][vc_column_text]Nos chauffeurs et le vaste r\u00e9seau de partenaires que nous avons d\u00e9velopp\u00e9, nous permettent de proposer des services de chauffeurs de premier ordre pour des groupes de toute taille en France et en Suisse.[\/vc_column_text][vc_custom_heading text=\u00a0\u00bbPourquoi nous choisir\u00a0\u00bb font_container=\u00a0\u00bbtag:h4|text_align:left\u00a0\u00bb use_theme_fonts=\u00a0\u00bbyes\u00a0\u00bb el_class=\u00a0\u00bbtheme-margin-top-50 theme-margin-bottom-30&Prime;]<div class=\"theme-component-list theme-component-list-style-2\">\n<ul>\n<li>Chauffeurs Professionnels<\/li>\n<li>Service assur\u00e9 24h\/24 et 7j\/7<\/li>\n<li>R\u00e9seau de partenaires<\/li>\n<li>V\u00e9hicules premium<\/li>\n<li>Capacit\u00e9s adapt\u00e9es des v\u00e9hicules<\/li>\n<\/ul>\n<\/div>[\/vc_column][vc_column width=\u00a0\u00bb1\/2&Prime;][vc_single_image image=\u00a0\u00bb12083&Prime; img_size=\u00a0\u00bbfull\u00a0\u00bb][\/vc_column][\/vc_row]<\/p>\n<\/div>","protected":false},"excerpt":{"rendered":"<p>[vc_row el_class=\u00a0\u00bbtheme-margin-bottom-50&Prime;][vc_column width=\u00a0\u00bb1\/2&Prime;][\/vc_column][vc_column width=\u00a0\u00bb1\/2&Prime;][vc_column_text] En offrant un service exceptionnel ne n\u00e9gligeant aucun d\u00e9tail, nous avons r\u00e9ussi \u00e0 faire que nos services de chauffeurs soient parmi les mieux not\u00e9s de la r\u00e9gion. Notre objectif est de faire de vos voyages des moments de calme et de s\u00e9r\u00e9nit\u00e9. Nous nous ferons un plaisir de g\u00e9rer vos d\u00e9placements [&#8230;]<\/p>\n","protected":false},"author":1,"featured_media":0,"parent":0,"menu_order":0,"comment_status":"closed","ping_status":"closed","template":"","meta":{"footnotes":""},"class_list":["post-17","page","type-page","status-publish","hentry"],"_links":{"self":[{"href":"https:\/\/www.travels-and-tours.com\/fr\/wp-json\/wp\/v2\/pages\/17","targetHints":{"allow":["GET"]}}],"collection":[{"href":"https:\/\/www.travels-and-tours.com\/fr\/wp-json\/wp\/v2\/pages"}],"about":[{"href":"https:\/\/www.travels-and-tours.com\/fr\/wp-json\/wp\/v2\/types\/page"}],"author":[{"embeddable":true,"href":"https:\/\/www.travels-and-tours.com\/fr\/wp-json\/wp\/v2\/users\/1"}],"replies":[{"embeddable":true,"href":"https:\/\/www.travels-and-tours.com\/fr\/wp-json\/wp\/v2\/comments?post=17"}],"version-history":[{"count":70,"href":"https:\/\/www.travels-and-tours.com\/fr\/wp-json\/wp\/v2\/pages\/17\/revisions"}],"predecessor-version":[{"id":12908,"href":"https:\/\/www.travels-and-tours.com\/fr\/wp-json\/wp\/v2\/pages\/17\/revisions\/12908"}],"wp:attachment":[{"href":"https:\/\/www.travels-and-tours.com\/fr\/wp-json\/wp\/v2\/media?parent=17"}],"curies":[{"name":"wp","href":"https:\/\/api.w.org\/{rel}","templated":true}]}}